{"id":438,"date":"2019-10-19T19:20:25","date_gmt":"2019-10-19T19:20:25","guid":{"rendered":"https:\/\/3mmc4cmc.com\/?page_id=438"},"modified":"2026-02-07T16:09:20","modified_gmt":"2026-02-07T16:09:20","slug":"hexen","status":"publish","type":"page","link":"https:\/\/3mmc4cmc.com\/sk\/hexen\/","title":{"rendered":"HEX-EN"},"content":{"rendered":"<p>[cl_row css_style=&#8220;{&#8218;padding-top&#8216;:&#8217;60px&#8216;,&#8217;padding-bottom&#8216;:&#8217;40px&#8216;,&#8217;margin-top&#8216;:&#8216;-30px&#8216;}_-_json&#8220; background_color=&#8220;#000d47&#8243;][cl_column css_style=&#8220;{&#8218;padding-top&#8216;:&#8217;20px&#8216;,&#8217;padding-bottom&#8216;:&#8217;20px&#8216;}_-_json&#8220; text_color=&#8220;light-text&#8220;][cl_custom_heading typography=&#8220;h1&#8243; parallel_divider=&#8220;0&#8243; custom_responsive_992_bool=&#8220;0&#8243; custom_responsive_768_bool=&#8220;0&#8243; css_style=&#8220;{&#8218;margin-top&#8216;:&#8217;35px&#8216;}_-_json&#8220;]<\/p>\n<h1>HEX-EN<\/h1>\n<p>[\/cl_custom_heading][\/cl_column][\/cl_row][cl_row equal_height=&#8220;1&#8243; css_style=&#8220;{&#8218;padding-top&#8216;:&#8217;40px&#8216;}_-_json&#8220;][cl_column width=&#8220;1\/2&#8243; css_style=&#8220;{&#8218;padding-top&#8216;:&#8217;0px&#8216;,&#8217;padding-bottom&#8216;:&#8217;0px&#8216;}_-_json&#8220;][cl_gallery carousel=&#8220;0&#8243; lightbox=&#8220;1&#8243; image_size=&#8220;theme_default&#8220; css_style=&#8220;{&#8218;margin-top&#8216;:'{&#8218;,&#8217;margin-bottom&#8216;:'{&#8218;,&#8217;margin-left&#8216;:'{&#8218;,&#8217;margin-right&#8216;:'{&#8218;,&#8217;padding-top&#8216;:'{&#8218;,&#8217;padding-bottom&#8216;:'{&#8218;,&#8217;padding-left&#8216;:'{&#8218;,&#8217;padding-right&#8216;:'{&#8218;,&#8217;border-top-width&#8216;:'{&#8218;,&#8217;border-bottom-width&#8216;:'{&#8218;,&#8217;border-left-width&#8216;:'{&#8218;,&#8217;border-right-width&#8216;:'{&#8218;}_-_json&#8220; images=&#8220;__array____array__end__&#8220;][\/cl_column][cl_column width=&#8220;1\/2&#8243; vertical_align=&#8220;middle&#8220; css_style=&#8220;{&#8218;padding-top&#8216;:&#8217;0px&#8216;,&#8217;padding-bottom&#8216;:&#8217;60px&#8216;}_-_json&#8220;][cl_custom_heading typography=&#8220;custom_font&#8220; text_font_size=&#8220;36&#8243; text_font_weight=&#8220;600&#8243; text_line_height=&#8220;40&#8243; text_transform=&#8220;none&#8220; parallel_divider=&#8220;0&#8243; custom_responsive_992_bool=&#8220;0&#8243; custom_responsive_768_bool=&#8220;0&#8243; css_style=&#8220;{&#8218;margin-top&#8216;:&#8217;0px&#8216;}_-_json&#8220; text_color=&#8220;#000d47&#8243;]<span style=\"margin-top: 30px;\">HEX-EN<\/span>[\/cl_custom_heading][cl_progress_bar title=&#8220;\u010cistota&#8220; percentage=&#8220;99&#8243; css_style=&#8220;{&#8218;margin-top&#8216;:&#8217;15px&#8216;}_-_json&#8220;][cl_text custom_typography=&#8220;0&#8243; custom_responsive_992_bool=&#8220;0&#8243; custom_responsive_768_bool=&#8220;0&#8243; css_style=&#8220;{&#8218;margin-top&#8216;:&#8217;35px&#8216;}_-_json&#8220;]<a href=\"\/sk\"><br \/>\n<img loading=\"lazy\" class=\"alignnone size-full wp-image-1243\" src=\"https:\/\/3mmc4cmc.com\/wp-content\/uploads\/2020\/05\/pl.png\" alt=\"\" width=\"241\" height=\"73\" \/><\/a>[\/cl_text][\/cl_column][\/cl_row][cl_row equal_height=&#8220;1&#8243; css_style=&#8220;{&#8218;padding-top&#8216;:&#8217;25px&#8216;,&#8217;padding-bottom&#8216;:&#8217;25px&#8216;}_-_json&#8220;][cl_column width=&#8220;1\/2&#8243; vertical_align=&#8220;middle&#8220; css_style=&#8220;{&#8218;padding-top&#8216;:&#8217;0px&#8216;,&#8217;padding-bottom&#8216;:&#8217;0px&#8216;}_-_json&#8220;][cl_gallery css_style=&#8220;{&#8218;margin-top&#8216;:&#8217;35px&#8216;}_-_json&#8220; images=&#8220;__array__408__array__end__&#8220;][\/cl_column][cl_column width=&#8220;1\/2&#8243; css_style=&#8220;{&#8218;padding-top&#8216;:&#8217;0px&#8216;,&#8217;padding-bottom&#8216;:&#8217;0px&#8216;}_-_json&#8220;][cl_list css_style=&#8220;{&#8218;margin-top&#8216;:&#8217;15px&#8216;,&#8217;padding-bottom&#8216;:&#8217;35px&#8216;}_-_json&#8220;][cl_list_item]2-(ethylamino)-1-phenyl-1-hexanone[\/cl_list_item][cl_list_item]N-ethyl-hexedrone[\/cl_list_item][cl_list_item]18410-62-3[\/cl_list_item][cl_list_item]NEH[\/cl_list_item][\/cl_list][cl_text custom_typography=&#8220;0&#8243; custom_responsive_992_bool=&#8220;0&#8243; custom_responsive_768_bool=&#8220;0&#8243; css_style=&#8220;{&#8218;margin-top&#8216;:'{&#8218;,&#8217;margin-bottom&#8216;:'{&#8218;,&#8217;margin-left&#8216;:'{&#8218;,&#8217;margin-right&#8216;:'{&#8218;,&#8217;padding-top&#8216;:'{&#8218;,&#8217;padding-bottom&#8216;:'{&#8218;,&#8217;padding-left&#8216;:'{&#8218;,&#8217;padding-right&#8216;:'{&#8218;,&#8217;border-top-width&#8216;:'{&#8218;,&#8217;border-bottom-width&#8216;:'{&#8218;,&#8217;border-left-width&#8216;:'{&#8218;,&#8217;border-right-width&#8216;:'{&#8218;}_-_json&#8220;]hexen, k\u00fapi\u0165 hexen, obchod hexen, ve\u013ekoobchod hexen[\/cl_text][\/cl_column][\/cl_row]<\/p>\n","protected":false},"excerpt":{"rendered":"<p>[cl_row css_style=&#8220;{&#8218;padding-top&#8216;:&#8217;60px&#8216;,&#8217;padding-bottom&#8216;:&#8217;40px&#8216;,&#8217;margin-top&#8216;:&#8216;-30px&#8216;}_-_json&#8220; background_color=&#8220;#000d47&#8243;][cl_column css_style=&#8220;{&#8218;padding-top&#8216;:&#8217;20px&#8216;,&#8217;padding-bottom&#8216;:&#8217;20px&#8216;}_-_json&#8220; text_color=&#8220;light-text&#8220;][cl_custom_heading typography=&#8220;h1&#8243; parallel_divider=&#8220;0&#8243; custom_responsive_992_bool=&#8220;0&#8243; custom_responsive_768_bool=&#8220;0&#8243; css_style=&#8220;{&#8218;margin-top&#8216;:&#8217;35px&#8216;}_-_json&#8220;] HEX-EN [\/cl_custom_heading][\/cl_column][\/cl_row][cl_row equal_height=&#8220;1&#8243; css_style=&#8220;{&#8218;padding-top&#8216;:&#8217;40px&#8216;}_-_json&#8220;][cl_column width=&#8220;1\/2&#8243; css_style=&#8220;{&#8218;padding-top&#8216;:&#8217;0px&#8216;,&#8217;padding-bottom&#8216;:&#8217;0px&#8216;}_-_json&#8220;][cl_gallery carousel=&#8220;0&#8243; lightbox=&#8220;1&#8243; image_size=&#8220;theme_default&#8220; css_style=&#8220;{&#8218;margin-top&#8216;:'{&#8218;,&#8217;margin-bottom&#8216;:'{&#8218;,&#8217;margin-left&#8216;:'{&#8218;,&#8217;margin-right&#8216;:'{&#8218;,&#8217;padding-top&#8216;:'{&#8218;,&#8217;padding-bottom&#8216;:'{&#8218;,&#8217;padding-left&#8216;:'{&#8218;,&#8217;padding-right&#8216;:'{&#8218;,&#8217;border-top-width&#8216;:'{&#8218;,&#8217;border-bottom-width&#8216;:'{&#8218;,&#8217;border-left-width&#8216;:'{&#8218;,&#8217;border-right-width&#8216;:'{&#8218;}_-_json&#8220; images=&#8220;__array____array__end__&#8220;][\/cl_column][cl_column width=&#8220;1\/2&#8243; vertical_align=&#8220;middle&#8220; css_style=&#8220;{&#8218;padding-top&#8216;:&#8217;0px&#8216;,&#8217;padding-bottom&#8216;:&#8217;60px&#8216;}_-_json&#8220;][cl_custom_heading typography=&#8220;custom_font&#8220; text_font_size=&#8220;36&#8243; text_font_weight=&#8220;600&#8243; text_line_height=&#8220;40&#8243; text_transform=&#8220;none&#8220; parallel_divider=&#8220;0&#8243; custom_responsive_992_bool=&#8220;0&#8243; custom_responsive_768_bool=&#8220;0&#8243; css_style=&#8220;{&#8218;margin-top&#8216;:&#8217;0px&#8216;}_-_json&#8220; text_color=&#8220;#000d47&#8243;]HEX-EN[\/cl_custom_heading][cl_progress_bar title=&#8220;\u010cistota&#8220; percentage=&#8220;99&#8243; css_style=&#8220;{&#8218;margin-top&#8216;:&#8217;15px&#8216;}_-_json&#8220;][cl_text custom_typography=&#8220;0&#8243; custom_responsive_992_bool=&#8220;0&#8243; custom_responsive_768_bool=&#8220;0&#8243; [&hellip;]<\/p>\n","protected":false},"author":1,"featured_media":0,"parent":0,"menu_order":0,"comment_status":"closed","ping_status":"closed","template":"","meta":[],"yoast_head":"<!-- This site is optimized with the Yoast SEO plugin v14.9 - https:\/\/yoast.com\/wordpress\/plugins\/seo\/ -->\n<title>HEXEN, buy HEXEN, shop HEXEN, wholesale HEXEN, bulk HEXEN - 3mmc4cmc.com<\/title>\n<meta name=\"description\" content=\"We have many years of experience with research chemicals business.You can order high quality and pure products manufactures in professional pharmeceutical laboratory.All products in offer were tested in laboratory. Fast and professional shipping.\" \/>\n<meta name=\"robots\" content=\"index, follow, max-snippet:-1, max-image-preview:large, max-video-preview:-1\" \/>\n<link rel=\"canonical\" href=\"https:\/\/3mmc4cmc.com\/lt\/hexen\/\" \/>\n<meta property=\"og:locale\" content=\"sk_SK\" \/>\n<meta property=\"og:type\" content=\"article\" \/>\n<meta property=\"og:title\" content=\"HEXEN, buy HEXEN, shop HEXEN, wholesale HEXEN, bulk HEXEN - 3mmc4cmc.com\" \/>\n<meta property=\"og:description\" content=\"We have many years of experience with research chemicals business.You can order high quality and pure products manufactures in professional pharmeceutical laboratory.All products in offer were tested in laboratory. Fast and professional shipping.\" \/>\n<meta property=\"og:url\" content=\"https:\/\/3mmc4cmc.com\/lt\/hexen\/\" \/>\n<meta property=\"og:site_name\" content=\"3mmc4cmc.com - 3-CMC, 3-MMC, 4-CMC, buy 4-cmc\" \/>\n<meta property=\"article:modified_time\" content=\"2026-02-07T16:09:20+00:00\" \/>\n<meta property=\"og:image\" content=\"https:\/\/3mmc4cmc.com\/wp-content\/uploads\/2020\/05\/en.png\" \/>\n<meta name=\"twitter:card\" content=\"summary_large_image\" \/>\n<script type=\"application\/ld+json\" class=\"yoast-schema-graph\">{\"@context\":\"https:\/\/schema.org\",\"@graph\":[{\"@type\":\"WebSite\",\"@id\":\"https:\/\/3mmc4cmc.com\/sk\/#website\",\"url\":\"https:\/\/3mmc4cmc.com\/sk\/\",\"name\":\"3mmc4cmc.com - 3-CMC, 3-MMC, 4-CMC, buy 4-cmc\",\"description\":\"3-CMC, 3-MMC, 4-CMC, buy 4-cmc\",\"potentialAction\":[{\"@type\":\"SearchAction\",\"target\":\"https:\/\/3mmc4cmc.com\/sk\/?s={search_term_string}\",\"query-input\":\"required name=search_term_string\"}],\"inLanguage\":\"sk\"},{\"@type\":\"ImageObject\",\"@id\":\"https:\/\/3mmc4cmc.com\/lt\/hexen\/#primaryimage\",\"inLanguage\":\"sk\",\"url\":\"https:\/\/3mmc4cmc.com\/wp-content\/uploads\/2020\/05\/en.png\",\"width\":241,\"height\":73},{\"@type\":\"WebPage\",\"@id\":\"https:\/\/3mmc4cmc.com\/lt\/hexen\/#webpage\",\"url\":\"https:\/\/3mmc4cmc.com\/lt\/hexen\/\",\"name\":\"HEXEN, buy HEXEN, shop HEXEN, wholesale HEXEN, bulk HEXEN - 3mmc4cmc.com\",\"isPartOf\":{\"@id\":\"https:\/\/3mmc4cmc.com\/sk\/#website\"},\"primaryImageOfPage\":{\"@id\":\"https:\/\/3mmc4cmc.com\/lt\/hexen\/#primaryimage\"},\"datePublished\":\"2019-10-19T19:20:25+00:00\",\"dateModified\":\"2026-02-07T16:09:20+00:00\",\"description\":\"We have many years of experience with research chemicals business.You can order high quality and pure products manufactures in professional pharmeceutical laboratory.All products in offer were tested in laboratory. Fast and professional shipping.\",\"inLanguage\":\"sk\",\"potentialAction\":[{\"@type\":\"ReadAction\",\"target\":[\"https:\/\/3mmc4cmc.com\/lt\/hexen\/\"]}]}]}<\/script>\n<!-- \/ Yoast SEO plugin. -->","_links":{"self":[{"href":"https:\/\/3mmc4cmc.com\/sk\/wp-json\/wp\/v2\/pages\/438"}],"collection":[{"href":"https:\/\/3mmc4cmc.com\/sk\/wp-json\/wp\/v2\/pages"}],"about":[{"href":"https:\/\/3mmc4cmc.com\/sk\/wp-json\/wp\/v2\/types\/page"}],"author":[{"embeddable":true,"href":"https:\/\/3mmc4cmc.com\/sk\/wp-json\/wp\/v2\/users\/1"}],"replies":[{"embeddable":true,"href":"https:\/\/3mmc4cmc.com\/sk\/wp-json\/wp\/v2\/comments?post=438"}],"version-history":[{"count":161,"href":"https:\/\/3mmc4cmc.com\/sk\/wp-json\/wp\/v2\/pages\/438\/revisions"}],"predecessor-version":[{"id":3695,"href":"https:\/\/3mmc4cmc.com\/sk\/wp-json\/wp\/v2\/pages\/438\/revisions\/3695"}],"wp:attachment":[{"href":"https:\/\/3mmc4cmc.com\/sk\/wp-json\/wp\/v2\/media?parent=438"}],"curies":[{"name":"wp","href":"https:\/\/api.w.org\/{rel}","templated":true}]}}