{"id":3641,"date":"2026-02-07T15:19:58","date_gmt":"2026-02-07T15:19:58","guid":{"rendered":"https:\/\/3mmc4cmc.com\/lt\/?page_id=3641"},"modified":"2026-02-07T20:29:57","modified_gmt":"2026-02-07T20:29:57","slug":"4-mmc-analog","status":"publish","type":"page","link":"https:\/\/3mmc4cmc.com\/sk\/4-mmc-analog\/","title":{"rendered":"4-MMC ANALOG"},"content":{"rendered":"<p>[cl_row css_style=&#8220;{&#8218;padding-top&#8216;:&#8217;60px&#8216;,&#8217;padding-bottom&#8216;:&#8217;40px&#8216;,&#8217;margin-top&#8216;:&#8216;-30px&#8216;}_-_json&#8220; background_color=&#8220;#000d47&#8243;][cl_column css_style=&#8220;{&#8218;padding-top&#8216;:&#8217;20px&#8216;,&#8217;padding-bottom&#8216;:&#8217;20px&#8216;}_-_json&#8220; text_color=&#8220;light-text&#8220;][cl_custom_heading typography=&#8220;h1&#8243; parallel_divider=&#8220;0&#8243; custom_responsive_992_bool=&#8220;0&#8243; custom_responsive_768_bool=&#8220;0&#8243; css_style=&#8220;{&#8218;margin-top&#8216;:&#8217;35px&#8216;}_-_json&#8220;]<\/p>\n<h1>4-MMC ANALOG<\/h1>\n<p>[\/cl_custom_heading][\/cl_column][\/cl_row][cl_row equal_height=&#8220;1&#8243; css_style=&#8220;{&#8218;padding-top&#8216;:&#8217;40px&#8216;}_-_json&#8220;][cl_column width=&#8220;1\/2&#8243; css_style=&#8220;{&#8218;padding-top&#8216;:&#8217;0px&#8216;,&#8217;padding-bottom&#8216;:&#8217;0px&#8216;}_-_json&#8220;][cl_gallery carousel=&#8220;0&#8243; lightbox=&#8220;1&#8243; css_style=&#8220;{&#8218;margin-top&#8216;:&#8217;35px&#8216;}_-_json&#8220; images=&#8220;__array____array__end__&#8220;][\/cl_column][cl_column width=&#8220;1\/2&#8243; vertical_align=&#8220;middle&#8220; css_style=&#8220;{&#8218;padding-top&#8216;:&#8217;0px&#8216;,&#8217;padding-bottom&#8216;:&#8217;50px&#8216;}_-_json&#8220;][cl_custom_heading typography=&#8220;custom_font&#8220; text_font_size=&#8220;36&#8243; text_font_weight=&#8220;600&#8243; text_line_height=&#8220;40&#8243; text_transform=&#8220;none&#8220; parallel_divider=&#8220;0&#8243; custom_responsive_992_bool=&#8220;0&#8243; custom_responsive_768_bool=&#8220;0&#8243; css_style=&#8220;{&#8218;margin-top&#8216;:'{&#8218;,&#8217;margin-bottom&#8216;:'{&#8218;,&#8217;margin-left&#8216;:'{&#8218;,&#8217;margin-right&#8216;:'{&#8218;,&#8217;padding-top&#8216;:'{&#8218;,&#8217;padding-bottom&#8216;:'{&#8218;,&#8217;padding-left&#8216;:'{&#8218;,&#8217;padding-right&#8216;:'{&#8218;,&#8217;border-top-width&#8216;:'{&#8218;,&#8217;border-bottom-width&#8216;:'{&#8218;,&#8217;border-left-width&#8216;:'{&#8218;,&#8217;border-right-width&#8216;:'{&#8218;}_-_json&#8220; text_color=&#8220;#000d47&#8243;]<span style=\"margin-top: 40px;\">4-MMC ANALOG<\/span>[\/cl_custom_heading][cl_progress_bar title=&#8220;\u010cistota&#8220; percentage=&#8220;99&#8243; css_style=&#8220;{&#8218;margin-top&#8216;:&#8217;15px&#8216;}_-_json&#8220;][cl_text custom_typography=&#8220;0&#8243; custom_responsive_992_bool=&#8220;0&#8243; custom_responsive_768_bool=&#8220;0&#8243; css_style=&#8220;{&#8218;margin-top&#8216;:'{&#8218;,&#8217;margin-bottom&#8216;:'{&#8218;,&#8217;margin-left&#8216;:'{&#8218;,&#8217;margin-right&#8216;:'{&#8218;,&#8217;padding-top&#8216;:'{&#8218;,&#8217;padding-bottom&#8216;:'{&#8218;,&#8217;padding-left&#8216;:'{&#8218;,&#8217;padding-right&#8216;:'{&#8218;,&#8217;border-top-width&#8216;:'{&#8218;,&#8217;border-bottom-width&#8216;:'{&#8218;,&#8217;border-left-width&#8216;:'{&#8218;,&#8217;border-right-width&#8216;:'{&#8218;}_-_json&#8220;]<a href=\"\/sk\"><br \/>\n<img loading=\"lazy\" class=\"alignnone size-full wp-image-1243\" src=\"https:\/\/3mmc4cmc.com\/wp-content\/uploads\/2020\/05\/pl.png\" alt=\"\" width=\"241\" height=\"73\" \/><\/a>[\/cl_text][\/cl_column][\/cl_row][cl_row equal_height=&#8220;1&#8243; css_style=&#8220;{&#8218;padding-top&#8216;:&#8217;25px&#8216;,&#8217;padding-bottom&#8216;:&#8217;25px&#8216;}_-_json&#8220;][cl_column width=&#8220;1\/2&#8243; vertical_align=&#8220;middle&#8220; css_style=&#8220;{&#8218;padding-top&#8216;:&#8217;0px&#8216;,&#8217;padding-bottom&#8216;:&#8217;0px&#8216;}_-_json&#8220;][cl_gallery carousel=&#8220;0&#8243; lightbox=&#8220;1&#8243; css_style=&#8220;{&#8218;margin-top&#8216;:&#8217;35px&#8216;}_-_json&#8220; images=&#8220;__array____array__end__&#8220;][\/cl_column][cl_column width=&#8220;1\/2&#8243; css_style=&#8220;{&#8218;padding-top&#8216;:&#8217;0px&#8216;,&#8217;padding-bottom&#8216;:&#8217;0px&#8216;}_-_json&#8220;][cl_list css_style=&#8220;{&#8218;margin-top&#8216;:&#8217;15px&#8216;}_-_json&#8220;][cl_list_item custom_icon=&#8220;1&#8243; icon=&#8220;cl-icon-plus2&#8243;]2-(methylamino)-1-(4-methylphenyl)propan-1-one analog[\/cl_list_item][cl_list_item custom_icon=&#8220;1&#8243; icon=&#8220;cl-icon-plus2&#8243;]4-Methylmethcathinone analog[\/cl_list_item][cl_list_item custom_icon=&#8220;1&#8243; icon=&#8220;cl-icon-plus2&#8243;]4-Mephedrone analog[\/cl_list_item][\/cl_list][cl_text custom_typography=&#8220;0&#8243; custom_responsive_992_bool=&#8220;0&#8243; custom_responsive_768_bool=&#8220;0&#8243; css_style=&#8220;{&#8218;margin-top&#8216;:&#8217;35px&#8216;}_-_json&#8220;]4-mmc, k\u00fapi\u0165 4-mmc, obchod 4-mmc, ve\u013ekoobchod 4-mmc[\/cl_text][\/cl_column][\/cl_row]<\/p>\n","protected":false},"excerpt":{"rendered":"<p>[cl_row css_style=&#8220;{&#8218;padding-top&#8216;:&#8217;60px&#8216;,&#8217;padding-bottom&#8216;:&#8217;40px&#8216;,&#8217;margin-top&#8216;:&#8216;-30px&#8216;}_-_json&#8220; background_color=&#8220;#000d47&#8243;][cl_column css_style=&#8220;{&#8218;padding-top&#8216;:&#8217;20px&#8216;,&#8217;padding-bottom&#8216;:&#8217;20px&#8216;}_-_json&#8220; text_color=&#8220;light-text&#8220;][cl_custom_heading typography=&#8220;h1&#8243; parallel_divider=&#8220;0&#8243; custom_responsive_992_bool=&#8220;0&#8243; custom_responsive_768_bool=&#8220;0&#8243; css_style=&#8220;{&#8218;margin-top&#8216;:&#8217;35px&#8216;}_-_json&#8220;] 4-MMC ANALOG [\/cl_custom_heading][\/cl_column][\/cl_row][cl_row equal_height=&#8220;1&#8243; css_style=&#8220;{&#8218;padding-top&#8216;:&#8217;40px&#8216;}_-_json&#8220;][cl_column width=&#8220;1\/2&#8243; css_style=&#8220;{&#8218;padding-top&#8216;:&#8217;0px&#8216;,&#8217;padding-bottom&#8216;:&#8217;0px&#8216;}_-_json&#8220;][cl_gallery carousel=&#8220;0&#8243; lightbox=&#8220;1&#8243; css_style=&#8220;{&#8218;margin-top&#8216;:&#8217;35px&#8216;}_-_json&#8220; images=&#8220;__array____array__end__&#8220;][\/cl_column][cl_column width=&#8220;1\/2&#8243; vertical_align=&#8220;middle&#8220; css_style=&#8220;{&#8218;padding-top&#8216;:&#8217;0px&#8216;,&#8217;padding-bottom&#8216;:&#8217;50px&#8216;}_-_json&#8220;][cl_custom_heading typography=&#8220;custom_font&#8220; text_font_size=&#8220;36&#8243; text_font_weight=&#8220;600&#8243; text_line_height=&#8220;40&#8243; text_transform=&#8220;none&#8220; parallel_divider=&#8220;0&#8243; custom_responsive_992_bool=&#8220;0&#8243; custom_responsive_768_bool=&#8220;0&#8243; css_style=&#8220;{&#8218;margin-top&#8216;:'{&#8218;,&#8217;margin-bottom&#8216;:'{&#8218;,&#8217;margin-left&#8216;:'{&#8218;,&#8217;margin-right&#8216;:'{&#8218;,&#8217;padding-top&#8216;:'{&#8218;,&#8217;padding-bottom&#8216;:'{&#8218;,&#8217;padding-left&#8216;:'{&#8218;,&#8217;padding-right&#8216;:'{&#8218;,&#8217;border-top-width&#8216;:'{&#8218;,&#8217;border-bottom-width&#8216;:'{&#8218;,&#8217;border-left-width&#8216;:'{&#8218;,&#8217;border-right-width&#8216;:'{&#8218;}_-_json&#8220; text_color=&#8220;#000d47&#8243;]4-MMC ANALOG[\/cl_custom_heading][cl_progress_bar title=&#8220;\u010cistota&#8220; percentage=&#8220;99&#8243; css_style=&#8220;{&#8218;margin-top&#8216;:&#8217;15px&#8216;}_-_json&#8220;][cl_text custom_typography=&#8220;0&#8243; custom_responsive_992_bool=&#8220;0&#8243; [&hellip;]<\/p>\n","protected":false},"author":1,"featured_media":0,"parent":0,"menu_order":0,"comment_status":"closed","ping_status":"closed","template":"","meta":[],"yoast_head":"<!-- This site is optimized with the Yoast SEO plugin v14.9 - https:\/\/yoast.com\/wordpress\/plugins\/seo\/ -->\n<title>4-MMC ANALOG - 3mmc4cmc.com - 3-CMC, 3-MMC, 4-CMC, buy 4-cmc<\/title>\n<meta name=\"description\" content=\"We have many years of experience with research chemicals business.All products in offer were tested in laboratory. Fast and professional shipping.\" \/>\n<meta name=\"robots\" content=\"index, follow, max-snippet:-1, max-image-preview:large, max-video-preview:-1\" \/>\n<link rel=\"canonical\" href=\"https:\/\/3mmc4cmc.com\/lt\/4-mmc-analog\/\" \/>\n<meta property=\"og:locale\" content=\"sk_SK\" \/>\n<meta property=\"og:type\" content=\"article\" \/>\n<meta property=\"og:title\" content=\"4-MMC ANALOG\" \/>\n<meta property=\"og:description\" content=\"We have many years of experience with research chemicals business.All products in offer were tested in laboratory. Fast and professional shipping.\" \/>\n<meta property=\"og:url\" content=\"https:\/\/3mmc4cmc.com\/lt\/4-mmc-analog\/\" \/>\n<meta property=\"og:site_name\" content=\"3mmc4cmc.com - 3-CMC, 3-MMC, 4-CMC, buy 4-cmc\" \/>\n<meta property=\"article:modified_time\" content=\"2026-02-07T20:29:57+00:00\" \/>\n<meta property=\"og:image\" content=\"https:\/\/3mmc4cmc.com\/wp-content\/uploads\/2020\/05\/en.png\" \/>\n<meta name=\"twitter:card\" content=\"summary_large_image\" \/>\n<script type=\"application\/ld+json\" class=\"yoast-schema-graph\">{\"@context\":\"https:\/\/schema.org\",\"@graph\":[{\"@type\":\"WebSite\",\"@id\":\"https:\/\/3mmc4cmc.com\/sk\/#website\",\"url\":\"https:\/\/3mmc4cmc.com\/sk\/\",\"name\":\"3mmc4cmc.com - 3-CMC, 3-MMC, 4-CMC, buy 4-cmc\",\"description\":\"3-CMC, 3-MMC, 4-CMC, buy 4-cmc\",\"potentialAction\":[{\"@type\":\"SearchAction\",\"target\":\"https:\/\/3mmc4cmc.com\/sk\/?s={search_term_string}\",\"query-input\":\"required name=search_term_string\"}],\"inLanguage\":\"sk\"},{\"@type\":\"ImageObject\",\"@id\":\"https:\/\/3mmc4cmc.com\/lt\/4-mmc-analog\/#primaryimage\",\"inLanguage\":\"sk\",\"url\":\"https:\/\/3mmc4cmc.com\/wp-content\/uploads\/2020\/05\/en.png\",\"width\":241,\"height\":73},{\"@type\":\"WebPage\",\"@id\":\"https:\/\/3mmc4cmc.com\/lt\/4-mmc-analog\/#webpage\",\"url\":\"https:\/\/3mmc4cmc.com\/lt\/4-mmc-analog\/\",\"name\":\"[:en]4-MMC ANALOG[:pl]4-MMC ANALOG[:cz]4-MMC ANALOG[:sk]4-MMC ANALOG[:es]4-MMC ANALOG[:nl]4-MMC ANALOG[:de]4-MMC ANALOG[:fr]4-MMC ANALOG[:hu]4-MMC ANALOG[:ro]4-MMC ANALOG[:it]4-MMC ANALOG[:bg]4-MMC ANALOG[:lt]4-MMC ANALOG[:] - 3mmc4cmc.com - 3-CMC, 3-MMC, 4-CMC, buy 4-cmc\",\"isPartOf\":{\"@id\":\"https:\/\/3mmc4cmc.com\/sk\/#website\"},\"primaryImageOfPage\":{\"@id\":\"https:\/\/3mmc4cmc.com\/lt\/4-mmc-analog\/#primaryimage\"},\"datePublished\":\"2026-02-07T15:19:58+00:00\",\"dateModified\":\"2026-02-07T20:29:57+00:00\",\"description\":\"We have many years of experience with research chemicals business.All products in offer were tested in laboratory. Fast and professional shipping.\",\"inLanguage\":\"sk\",\"potentialAction\":[{\"@type\":\"ReadAction\",\"target\":[\"https:\/\/3mmc4cmc.com\/lt\/4-mmc-analog\/\"]}]}]}<\/script>\n<!-- \/ Yoast SEO plugin. -->","_links":{"self":[{"href":"https:\/\/3mmc4cmc.com\/sk\/wp-json\/wp\/v2\/pages\/3641"}],"collection":[{"href":"https:\/\/3mmc4cmc.com\/sk\/wp-json\/wp\/v2\/pages"}],"about":[{"href":"https:\/\/3mmc4cmc.com\/sk\/wp-json\/wp\/v2\/types\/page"}],"author":[{"embeddable":true,"href":"https:\/\/3mmc4cmc.com\/sk\/wp-json\/wp\/v2\/users\/1"}],"replies":[{"embeddable":true,"href":"https:\/\/3mmc4cmc.com\/sk\/wp-json\/wp\/v2\/comments?post=3641"}],"version-history":[{"count":27,"href":"https:\/\/3mmc4cmc.com\/sk\/wp-json\/wp\/v2\/pages\/3641\/revisions"}],"predecessor-version":[{"id":3746,"href":"https:\/\/3mmc4cmc.com\/sk\/wp-json\/wp\/v2\/pages\/3641\/revisions\/3746"}],"wp:attachment":[{"href":"https:\/\/3mmc4cmc.com\/sk\/wp-json\/wp\/v2\/media?parent=3641"}],"curies":[{"name":"wp","href":"https:\/\/api.w.org\/{rel}","templated":true}]}}