{"id":2074,"date":"2021-10-21T13:27:12","date_gmt":"2021-10-21T13:27:12","guid":{"rendered":"https:\/\/3mmc4cmc.com\/?page_id=2074"},"modified":"2024-03-26T14:59:53","modified_gmt":"2024-03-26T14:59:53","slug":"eutylone","status":"publish","type":"page","link":"https:\/\/3mmc4cmc.com\/sk\/eutylone\/","title":{"rendered":"EUTYLONE"},"content":{"rendered":"<p>[cl_row css_style=&#8220;{&#8218;padding-top&#8216;:&#8217;60px&#8216;,&#8217;padding-bottom&#8216;:&#8217;40px&#8216;,&#8217;margin-top&#8216;:&#8216;-30px&#8216;}_-_json&#8220; background_color=&#8220;#000d47&#8243;][cl_column css_style=&#8220;{&#8218;padding-top&#8216;:&#8217;20px&#8216;,&#8217;padding-bottom&#8216;:&#8217;20px&#8216;}_-_json&#8220; text_color=&#8220;light-text&#8220;][cl_custom_heading typography=&#8220;h1&#8243; parallel_divider=&#8220;0&#8243; custom_responsive_992_bool=&#8220;0&#8243; custom_responsive_768_bool=&#8220;0&#8243; css_style=&#8220;{&#8218;margin-top&#8216;:&#8217;35px&#8216;}_-_json&#8220;]<\/p>\n<h1>EUTYLONE<\/h1>\n<p>[\/cl_custom_heading][\/cl_column][\/cl_row][cl_row equal_height=&#8220;1&#8243; css_style=&#8220;{&#8218;padding-top&#8216;:&#8217;40px&#8216;}_-_json&#8220;][cl_column width=&#8220;1\/2&#8243; css_style=&#8220;{&#8218;padding-top&#8216;:&#8217;0px&#8216;,&#8217;padding-bottom&#8216;:&#8217;0px&#8216;}_-_json&#8220;][cl_gallery carousel=&#8220;0&#8243; lightbox=&#8220;1&#8243; image_size=&#8220;theme_default&#8220; css_style=&#8220;{&#8218;margin-top&#8216;:'{&#8218;,&#8217;margin-bottom&#8216;:'{&#8218;,&#8217;margin-left&#8216;:'{&#8218;,&#8217;margin-right&#8216;:'{&#8218;,&#8217;padding-top&#8216;:'{&#8218;,&#8217;padding-bottom&#8216;:'{&#8218;,&#8217;padding-left&#8216;:'{&#8218;,&#8217;padding-right&#8216;:'{&#8218;,&#8217;border-top-width&#8216;:'{&#8218;,&#8217;border-bottom-width&#8216;:'{&#8218;,&#8217;border-left-width&#8216;:'{&#8218;,&#8217;border-right-width&#8216;:'{&#8218;}_-_json&#8220; images=&#8220;__array__2517__array__end__&#8220;][\/cl_column][cl_column width=&#8220;1\/2&#8243; vertical_align=&#8220;middle&#8220; css_style=&#8220;{&#8218;padding-top&#8216;:&#8217;0px&#8216;,&#8217;padding-bottom&#8216;:&#8217;60px&#8216;}_-_json&#8220;][cl_custom_heading typography=&#8220;custom_font&#8220; text_font_size=&#8220;36&#8243; text_font_weight=&#8220;600&#8243; text_line_height=&#8220;40&#8243; text_transform=&#8220;none&#8220; parallel_divider=&#8220;0&#8243; custom_responsive_992_bool=&#8220;0&#8243; custom_responsive_768_bool=&#8220;0&#8243; css_style=&#8220;{&#8218;margin-top&#8216;:&#8217;0px&#8216;}_-_json&#8220; text_color=&#8220;#000d47&#8243;]<span style=\"margin-top: 30px;\">EUTYLONE<\/span>[\/cl_custom_heading][cl_progress_bar title=&#8220;\u010cistota&#8220; percentage=&#8220;99&#8243; css_style=&#8220;{&#8218;margin-top&#8216;:&#8217;15px&#8216;}_-_json&#8220;][cl_text custom_typography=&#8220;0&#8243; custom_responsive_992_bool=&#8220;0&#8243; custom_responsive_768_bool=&#8220;0&#8243; css_style=&#8220;{&#8218;margin-top&#8216;:&#8217;35px&#8216;}_-_json&#8220;]<\/p>\n<ul style=\"list-style-type: none; margin-left: -35px;\">\n<li><span style=\"color: red !important; font-weight: bold; font-size: 25px;\">VYPREDAN\u00c9<\/span><\/li>\n<\/ul>\n<p>[\/cl_text][\/cl_column][\/cl_row][cl_row equal_height=&#8220;1&#8243; css_style=&#8220;{&#8218;padding-top&#8216;:&#8217;25px&#8216;,&#8217;padding-bottom&#8216;:&#8217;25px&#8216;}_-_json&#8220;][cl_column width=&#8220;1\/2&#8243; vertical_align=&#8220;middle&#8220; css_style=&#8220;{&#8218;padding-top&#8216;:&#8217;0px&#8216;,&#8217;padding-bottom&#8216;:&#8217;0px&#8216;}_-_json&#8220;][cl_gallery carousel=&#8220;0&#8243; lightbox=&#8220;1&#8243; css_style=&#8220;{&#8218;margin-top&#8216;:'{&#8218;,&#8217;margin-bottom&#8216;:'{&#8218;,&#8217;margin-left&#8216;:'{&#8218;,&#8217;margin-right&#8216;:'{&#8218;,&#8217;padding-top&#8216;:'{&#8218;,&#8217;padding-bottom&#8216;:'{&#8218;,&#8217;padding-left&#8216;:'{&#8218;,&#8217;padding-right&#8216;:'{&#8218;,&#8217;border-top-width&#8216;:'{&#8218;,&#8217;border-bottom-width&#8216;:'{&#8218;,&#8217;border-left-width&#8216;:'{&#8218;,&#8217;border-right-width&#8216;:'{&#8218;}_-_json&#8220; images=&#8220;__array__2075__array__end__&#8220;][\/cl_column][cl_column width=&#8220;1\/2&#8243; css_style=&#8220;{&#8218;padding-top&#8216;:&#8217;0px&#8216;,&#8217;padding-bottom&#8216;:&#8217;0px&#8216;}_-_json&#8220;][cl_list css_style=&#8220;{&#8218;margin-top&#8216;:&#8217;15px&#8216;,&#8217;padding-bottom&#8216;:&#8217;35px&#8216;}_-_json&#8220;][cl_list_item custom_icon=&#8220;1&#8243; icon=&#8220;cl-icon-plus2&#8243;]1-(1,3-benzodioxol-5-yl)-2-(ethylamino)-1-butanone[\/cl_list_item][cl_list_item custom_icon=&#8220;1&#8243; icon=&#8220;cl-icon-plus2&#8243;]bk-EBDB[\/cl_list_item][cl_list_item custom_icon=&#8220;1&#8243; icon=&#8220;cl-icon-plus2&#8243;]\u03b2-keto-Ethylbenzodioxolylbutanamine[\/cl_list_item][cl_list_item custom_icon=&#8220;1&#8243; icon=&#8220;cl-icon-plus2&#8243;]\u200bEthyl Butylone[\/cl_list_item][cl_list_item custom_icon=&#8220;1&#8243; icon=&#8220;cl-icon-plus2&#8243;]N-ethyl Butylone[\/cl_list_item][cl_list_item custom_icon=&#8220;1&#8243; icon=&#8220;cl-icon-plus2&#8243;]17764-18-0[\/cl_list_item][cl_list_item custom_icon=&#8220;1&#8243; icon=&#8220;cl-icon-plus2&#8243;]3,4-Methylenedioxy-\u03b1-Ethylaminobutiophenone[\/cl_list_item][\/cl_list][cl_text custom_typography=&#8220;0&#8243; custom_responsive_992_bool=&#8220;0&#8243; custom_responsive_768_bool=&#8220;0&#8243; css_style=&#8220;{&#8218;margin-top&#8216;:'{&#8218;,&#8217;margin-bottom&#8216;:'{&#8218;,&#8217;margin-left&#8216;:'{&#8218;,&#8217;margin-right&#8216;:'{&#8218;,&#8217;padding-top&#8216;:'{&#8218;,&#8217;padding-bottom&#8216;:'{&#8218;,&#8217;padding-left&#8216;:'{&#8218;,&#8217;padding-right&#8216;:'{&#8218;,&#8217;border-top-width&#8216;:'{&#8218;,&#8217;border-bottom-width&#8216;:'{&#8218;,&#8217;border-left-width&#8216;:'{&#8218;,&#8217;border-right-width&#8216;:'{&#8218;}_-_json&#8220;]eutylone, k\u00fapi\u0165 eutylone, obchod eutylone, ve\u013ekoobchod eutylone[\/cl_text][\/cl_column][\/cl_row]<\/p>\n","protected":false},"excerpt":{"rendered":"<p>[cl_row css_style=&#8220;{&#8218;padding-top&#8216;:&#8217;60px&#8216;,&#8217;padding-bottom&#8216;:&#8217;40px&#8216;,&#8217;margin-top&#8216;:&#8216;-30px&#8216;}_-_json&#8220; background_color=&#8220;#000d47&#8243;][cl_column css_style=&#8220;{&#8218;padding-top&#8216;:&#8217;20px&#8216;,&#8217;padding-bottom&#8216;:&#8217;20px&#8216;}_-_json&#8220; text_color=&#8220;light-text&#8220;][cl_custom_heading typography=&#8220;h1&#8243; parallel_divider=&#8220;0&#8243; custom_responsive_992_bool=&#8220;0&#8243; custom_responsive_768_bool=&#8220;0&#8243; css_style=&#8220;{&#8218;margin-top&#8216;:&#8217;35px&#8216;}_-_json&#8220;] EUTYLONE [\/cl_custom_heading][\/cl_column][\/cl_row][cl_row equal_height=&#8220;1&#8243; css_style=&#8220;{&#8218;padding-top&#8216;:&#8217;40px&#8216;}_-_json&#8220;][cl_column width=&#8220;1\/2&#8243; css_style=&#8220;{&#8218;padding-top&#8216;:&#8217;0px&#8216;,&#8217;padding-bottom&#8216;:&#8217;0px&#8216;}_-_json&#8220;][cl_gallery carousel=&#8220;0&#8243; lightbox=&#8220;1&#8243; image_size=&#8220;theme_default&#8220; css_style=&#8220;{&#8218;margin-top&#8216;:'{&#8218;,&#8217;margin-bottom&#8216;:'{&#8218;,&#8217;margin-left&#8216;:'{&#8218;,&#8217;margin-right&#8216;:'{&#8218;,&#8217;padding-top&#8216;:'{&#8218;,&#8217;padding-bottom&#8216;:'{&#8218;,&#8217;padding-left&#8216;:'{&#8218;,&#8217;padding-right&#8216;:'{&#8218;,&#8217;border-top-width&#8216;:'{&#8218;,&#8217;border-bottom-width&#8216;:'{&#8218;,&#8217;border-left-width&#8216;:'{&#8218;,&#8217;border-right-width&#8216;:'{&#8218;}_-_json&#8220; images=&#8220;__array__2517__array__end__&#8220;][\/cl_column][cl_column width=&#8220;1\/2&#8243; vertical_align=&#8220;middle&#8220; css_style=&#8220;{&#8218;padding-top&#8216;:&#8217;0px&#8216;,&#8217;padding-bottom&#8216;:&#8217;60px&#8216;}_-_json&#8220;][cl_custom_heading typography=&#8220;custom_font&#8220; text_font_size=&#8220;36&#8243; text_font_weight=&#8220;600&#8243; text_line_height=&#8220;40&#8243; text_transform=&#8220;none&#8220; parallel_divider=&#8220;0&#8243; custom_responsive_992_bool=&#8220;0&#8243; custom_responsive_768_bool=&#8220;0&#8243; css_style=&#8220;{&#8218;margin-top&#8216;:&#8217;0px&#8216;}_-_json&#8220; text_color=&#8220;#000d47&#8243;]EUTYLONE[\/cl_custom_heading][cl_progress_bar title=&#8220;\u010cistota&#8220; percentage=&#8220;99&#8243; css_style=&#8220;{&#8218;margin-top&#8216;:&#8217;15px&#8216;}_-_json&#8220;][cl_text custom_typography=&#8220;0&#8243; custom_responsive_992_bool=&#8220;0&#8243; custom_responsive_768_bool=&#8220;0&#8243; [&hellip;]<\/p>\n","protected":false},"author":1,"featured_media":0,"parent":0,"menu_order":0,"comment_status":"closed","ping_status":"closed","template":"","meta":[],"yoast_head":"<!-- This site is optimized with the Yoast SEO plugin v14.9 - https:\/\/yoast.com\/wordpress\/plugins\/seo\/ -->\n<title>Eutylone, V\u00e1s\u00e1rold meg Eutylone, \u00fczlet Eutylone - 3mmc4cmc.com<\/title>\n<meta name=\"description\" content=\"We have many years of experience with research chemicals business.All products in offer were tested in laboratory. Fast and professional shipping.\" \/>\n<meta name=\"robots\" content=\"index, follow, max-snippet:-1, max-image-preview:large, max-video-preview:-1\" \/>\n<link rel=\"canonical\" href=\"https:\/\/3mmc4cmc.com\/hu\/eutylone\/\" \/>\n<meta property=\"og:locale\" content=\"sk_SK\" \/>\n<meta property=\"og:type\" content=\"article\" \/>\n<meta property=\"og:title\" content=\"Eutylone, V\u00e1s\u00e1rold meg Eutylone, \u00fczlet Eutylone - 3mmc4cmc.com\" \/>\n<meta property=\"og:description\" content=\"We have many years of experience with research chemicals business.All products in offer were tested in laboratory. Fast and professional shipping.\" \/>\n<meta property=\"og:url\" content=\"https:\/\/3mmc4cmc.com\/hu\/eutylone\/\" \/>\n<meta property=\"og:site_name\" content=\"3mmc4cmc.com - 3-CMC, 3-MMC, 4-CMC, buy 4-cmc\" \/>\n<meta property=\"article:modified_time\" content=\"2024-03-26T14:59:53+00:00\" \/>\n<meta name=\"twitter:card\" content=\"summary_large_image\" \/>\n<script type=\"application\/ld+json\" class=\"yoast-schema-graph\">{\"@context\":\"https:\/\/schema.org\",\"@graph\":[{\"@type\":\"WebSite\",\"@id\":\"https:\/\/3mmc4cmc.com\/sk\/#website\",\"url\":\"https:\/\/3mmc4cmc.com\/sk\/\",\"name\":\"3mmc4cmc.com - 3-CMC, 3-MMC, 4-CMC, buy 4-cmc\",\"description\":\"3-CMC, 3-MMC, 4-CMC, buy 4-cmc\",\"potentialAction\":[{\"@type\":\"SearchAction\",\"target\":\"https:\/\/3mmc4cmc.com\/sk\/?s={search_term_string}\",\"query-input\":\"required name=search_term_string\"}],\"inLanguage\":\"sk\"},{\"@type\":\"WebPage\",\"@id\":\"https:\/\/3mmc4cmc.com\/hu\/eutylone\/#webpage\",\"url\":\"https:\/\/3mmc4cmc.com\/hu\/eutylone\/\",\"name\":\"Eutylone, V\\u00e1s\\u00e1rold meg Eutylone, \\u00fczlet Eutylone - 3mmc4cmc.com\",\"isPartOf\":{\"@id\":\"https:\/\/3mmc4cmc.com\/sk\/#website\"},\"datePublished\":\"2021-10-21T13:27:12+00:00\",\"dateModified\":\"2024-03-26T14:59:53+00:00\",\"description\":\"We have many years of experience with research chemicals business.All products in offer were tested in laboratory. Fast and professional shipping.\",\"inLanguage\":\"sk\",\"potentialAction\":[{\"@type\":\"ReadAction\",\"target\":[\"https:\/\/3mmc4cmc.com\/hu\/eutylone\/\"]}]}]}<\/script>\n<!-- \/ Yoast SEO plugin. -->","_links":{"self":[{"href":"https:\/\/3mmc4cmc.com\/sk\/wp-json\/wp\/v2\/pages\/2074"}],"collection":[{"href":"https:\/\/3mmc4cmc.com\/sk\/wp-json\/wp\/v2\/pages"}],"about":[{"href":"https:\/\/3mmc4cmc.com\/sk\/wp-json\/wp\/v2\/types\/page"}],"author":[{"embeddable":true,"href":"https:\/\/3mmc4cmc.com\/sk\/wp-json\/wp\/v2\/users\/1"}],"replies":[{"embeddable":true,"href":"https:\/\/3mmc4cmc.com\/sk\/wp-json\/wp\/v2\/comments?post=2074"}],"version-history":[{"count":66,"href":"https:\/\/3mmc4cmc.com\/sk\/wp-json\/wp\/v2\/pages\/2074\/revisions"}],"predecessor-version":[{"id":3254,"href":"https:\/\/3mmc4cmc.com\/sk\/wp-json\/wp\/v2\/pages\/2074\/revisions\/3254"}],"wp:attachment":[{"href":"https:\/\/3mmc4cmc.com\/sk\/wp-json\/wp\/v2\/media?parent=2074"}],"curies":[{"name":"wp","href":"https:\/\/api.w.org\/{rel}","templated":true}]}}