{"id":268,"date":"2019-04-08T13:33:11","date_gmt":"2019-04-08T13:33:11","guid":{"rendered":"https:\/\/codeless.co\/handel\/science\/?page_id=268"},"modified":"2020-02-20T16:20:40","modified_gmt":"2020-02-20T16:20:40","slug":"about-us","status":"publish","type":"page","link":"https:\/\/3mmc4cmc.com\/pl\/about-us\/","title":{"rendered":"O nas"},"content":{"rendered":"<p>[cl_row css_style=&#8221;{\u201apadding-top\u2019:&#8217;60px\u2019,&#8217;padding-bottom\u2019:&#8217;40px\u2019,&#8217;margin-top\u2019:\u2019-30px\u2019}_-_json&#8221; background_color=&#8221;#000d47&#8243;][cl_column css_style=&#8221;{\u201apadding-top\u2019:&#8217;20px\u2019,&#8217;padding-bottom\u2019:&#8217;20px\u2019}_-_json&#8221; text_color=&#8221;light-text&#8221;][cl_custom_heading typography=&#8221;h1&#8243; parallel_divider=&#8221;0&#8243; custom_responsive_992_bool=&#8221;0&#8243; custom_responsive_768_bool=&#8221;0&#8243; css_style=&#8221;{\u201amargin-top\u2019:&#8217;35px\u2019}_-_json&#8221;]O nas[\/cl_custom_heading][\/cl_column][\/cl_row][cl_row css_style=&#8221;{\u201apadding-top\u2019:&#8217;60px\u2019,&#8217;padding-bottom\u2019:&#8217;60px\u2019}_-_json&#8221; background_image=&#8221;{\u201aid\u2019:&#8217;30\u2019,&#8217;mime\u2019:&#8217;image%2Fjpeg\u2019,&#8217;url\u2019:&#8217;https%3A%2F%2Fcodeless.co%2Fhandel%2Fscience%2Fwp-content%2Fuploads%2F2019%2F04%2Fshutterstock11.jpg\u2019}_-_json&#8221;][cl_column width=&#8221;1\/2&#8243; css_style=&#8221;{\u201apadding-bottom\u2019:&#8217;0px\u2019}_-_json&#8221;][cl_custom_heading typography=&#8221;custom_font&#8221; text_font_size=&#8221;20&#8243; text_font_weight=&#8221;100&#8243; text_line_height=&#8221;40&#8243; text_letterspace=&#8221;4&#8243; parallel_divider=&#8221;1&#8243; custom_responsive_992_bool=&#8221;0&#8243; custom_responsive_768_bool=&#8221;0&#8243; css_style=&#8221;{\u201amargin-top\u2019:&#8217;35px\u2019}_-_json&#8221; text_color=&#8221;#000d47&#8243;]O NAS[\/cl_custom_heading][cl_custom_heading typography=&#8221;custom_font&#8221; text_font_size=&#8221;36&#8243; text_font_weight=&#8221;600&#8243; text_line_height=&#8221;40&#8243; text_transform=&#8221;none&#8221; parallel_divider=&#8221;0&#8243; custom_responsive_992_bool=&#8221;0&#8243; custom_responsive_768_bool=&#8221;0&#8243; css_style=&#8221;{\u201amargin-top\u2019:&#8217;0px\u2019}_-_json&#8221; text_color=&#8221;#000d47&#8243;]Informacje[\/cl_custom_heading][cl_text custom_typography=&#8221;0&#8243; custom_responsive_992_bool=&#8221;0&#8243; custom_responsive_768_bool=&#8221;0&#8243; css_style=&#8221;{\u201amargin-top\u2019:&#8217;20px\u2019}_-_json&#8221;]Mamy wieloletnie do\u015bwiadczenie w bran\u017cy research chemicals.<\/p>\n<p>Mo\u017cesz u nas zam\u00f3wi\u0107 wysokiej jako\u015bci produkty tworzone w profesjonalnym laboratorium farmaceutycznym.<\/p>\n<p>Wszystkie oferowane produkty zosta\u0142y przetestowane w laboratorium. Szybka i profesjonalna wysy\u0142ka.[\/cl_text][\/cl_column][cl_column width=&#8221;1\/2&#8243; css_style=&#8221;{\u201apadding-top\u2019:&#8217;20px\u2019,&#8217;padding-bottom\u2019:&#8217;20px\u2019}_-_json&#8221;][\/cl_column][\/cl_row]<\/p>\n","protected":false},"excerpt":{"rendered":"<p>[cl_row css_style=&#8221;{\u201apadding-top\u2019:&#8217;60px\u2019,&#8217;padding-bottom\u2019:&#8217;40px\u2019,&#8217;margin-top\u2019:\u2019-30px\u2019}_-_json&#8221; background_color=&#8221;#000d47&#8243;][cl_column css_style=&#8221;{\u201apadding-top\u2019:&#8217;20px\u2019,&#8217;padding-bottom\u2019:&#8217;20px\u2019}_-_json&#8221; text_color=&#8221;light-text&#8221;][cl_custom_heading typography=&#8221;h1&#8243; parallel_divider=&#8221;0&#8243; custom_responsive_992_bool=&#8221;0&#8243; custom_responsive_768_bool=&#8221;0&#8243; css_style=&#8221;{\u201amargin-top\u2019:&#8217;35px\u2019}_-_json&#8221;]O nas[\/cl_custom_heading][\/cl_column][\/cl_row][cl_row css_style=&#8221;{\u201apadding-top\u2019:&#8217;60px\u2019,&#8217;padding-bottom\u2019:&#8217;60px\u2019}_-_json&#8221; background_image=&#8221;{\u201aid\u2019:&#8217;30\u2019,&#8217;mime\u2019:&#8217;image%2Fjpeg\u2019,&#8217;url\u2019:&#8217;https%3A%2F%2Fcodeless.co%2Fhandel%2Fscience%2Fwp-content%2Fuploads%2F2019%2F04%2Fshutterstock11.jpg\u2019}_-_json&#8221;][cl_column width=&#8221;1\/2&#8243; css_style=&#8221;{\u201apadding-bottom\u2019:&#8217;0px\u2019}_-_json&#8221;][cl_custom_heading typography=&#8221;custom_font&#8221; text_font_size=&#8221;20&#8243; text_font_weight=&#8221;100&#8243; text_line_height=&#8221;40&#8243; text_letterspace=&#8221;4&#8243; parallel_divider=&#8221;1&#8243; custom_responsive_992_bool=&#8221;0&#8243; custom_responsive_768_bool=&#8221;0&#8243; css_style=&#8221;{\u201amargin-top\u2019:&#8217;35px\u2019}_-_json&#8221; text_color=&#8221;#000d47&#8243;]O NAS[\/cl_custom_heading][cl_custom_heading typography=&#8221;custom_font&#8221; text_font_size=&#8221;36&#8243; text_font_weight=&#8221;600&#8243; text_line_height=&#8221;40&#8243; text_transform=&#8221;none&#8221; parallel_divider=&#8221;0&#8243; custom_responsive_992_bool=&#8221;0&#8243; custom_responsive_768_bool=&#8221;0&#8243; css_style=&#8221;{\u201amargin-top\u2019:&#8217;0px\u2019}_-_json&#8221; text_color=&#8221;#000d47&#8243;]Informacje[\/cl_custom_heading][cl_text custom_typography=&#8221;0&#8243; custom_responsive_992_bool=&#8221;0&#8243; custom_responsive_768_bool=&#8221;0&#8243; css_style=&#8221;{\u201amargin-top\u2019:&#8217;20px\u2019}_-_json&#8221;]Mamy [&hellip;]<\/p>\n","protected":false},"author":1,"featured_media":0,"parent":0,"menu_order":0,"comment_status":"closed","ping_status":"closed","template":"","meta":[],"yoast_head":"<!-- This site is optimized with the Yoast SEO plugin v14.9 - https:\/\/yoast.com\/wordpress\/plugins\/seo\/ -->\n<title>O nas - 3mmc4cmc.com - 3-CMC, 3-MMC, 4-CMC, buy 4-cmc<\/title>\n<meta name=\"description\" content=\"We have many years of experience with research chemicals business.All products in offer were tested in laboratory. Fast and professional shipping.\" \/>\n<meta name=\"robots\" content=\"index, follow, max-snippet:-1, max-image-preview:large, max-video-preview:-1\" \/>\n<link rel=\"canonical\" href=\"https:\/\/3mmc4cmc.com\/bg\/about-us\/\" \/>\n<meta property=\"og:locale\" content=\"pl_PL\" \/>\n<meta property=\"og:type\" content=\"article\" \/>\n<meta property=\"og:title\" content=\"O nas\" \/>\n<meta property=\"og:description\" content=\"We have many years of experience with research chemicals business.All products in offer were tested in laboratory. Fast and professional shipping.\" \/>\n<meta property=\"og:url\" content=\"https:\/\/3mmc4cmc.com\/bg\/about-us\/\" \/>\n<meta property=\"og:site_name\" content=\"3mmc4cmc.com - 3-CMC, 3-MMC, 4-CMC, buy 4-cmc\" \/>\n<meta property=\"article:modified_time\" content=\"2020-02-20T16:20:40+00:00\" \/>\n<meta name=\"twitter:card\" content=\"summary_large_image\" \/>\n<script type=\"application\/ld+json\" class=\"yoast-schema-graph\">{\"@context\":\"https:\/\/schema.org\",\"@graph\":[{\"@type\":\"WebSite\",\"@id\":\"https:\/\/3mmc4cmc.com\/pl\/#website\",\"url\":\"https:\/\/3mmc4cmc.com\/pl\/\",\"name\":\"3mmc4cmc.com - 3-CMC, 3-MMC, 4-CMC, buy 4-cmc\",\"description\":\"3-CMC, 3-MMC, 4-CMC, buy 4-cmc\",\"potentialAction\":[{\"@type\":\"SearchAction\",\"target\":\"https:\/\/3mmc4cmc.com\/pl\/?s={search_term_string}\",\"query-input\":\"required name=search_term_string\"}],\"inLanguage\":\"pl\"},{\"@type\":\"WebPage\",\"@id\":\"https:\/\/3mmc4cmc.com\/bg\/about-us\/#webpage\",\"url\":\"https:\/\/3mmc4cmc.com\/bg\/about-us\/\",\"name\":\"[:en]About Us[:pl]O nas[:cz]O n\\u00e1s[:sk]O n\\u00e1s[:es]Acerca de nosotros[:nl]Over ons[:de]\\u00dcber uns[:fr]\\u00c0 propos de nous[:hu]R\\u00f3lunk[:ro]Despre noiembrie[:it]Chi siamo[:bg]\\u0417\\u0430 \\u043d\\u0430\\u0441[:lt]Apie mus[:] - 3mmc4cmc.com - 3-CMC, 3-MMC, 4-CMC, buy 4-cmc\",\"isPartOf\":{\"@id\":\"https:\/\/3mmc4cmc.com\/pl\/#website\"},\"datePublished\":\"2019-04-08T13:33:11+00:00\",\"dateModified\":\"2020-02-20T16:20:40+00:00\",\"description\":\"We have many years of experience with research chemicals business.All products in offer were tested in laboratory. Fast and professional shipping.\",\"inLanguage\":\"pl\",\"potentialAction\":[{\"@type\":\"ReadAction\",\"target\":[\"https:\/\/3mmc4cmc.com\/bg\/about-us\/\"]}]}]}<\/script>\n<!-- \/ Yoast SEO plugin. -->","_links":{"self":[{"href":"https:\/\/3mmc4cmc.com\/pl\/wp-json\/wp\/v2\/pages\/268"}],"collection":[{"href":"https:\/\/3mmc4cmc.com\/pl\/wp-json\/wp\/v2\/pages"}],"about":[{"href":"https:\/\/3mmc4cmc.com\/pl\/wp-json\/wp\/v2\/types\/page"}],"author":[{"embeddable":true,"href":"https:\/\/3mmc4cmc.com\/pl\/wp-json\/wp\/v2\/users\/1"}],"replies":[{"embeddable":true,"href":"https:\/\/3mmc4cmc.com\/pl\/wp-json\/wp\/v2\/comments?post=268"}],"version-history":[{"count":20,"href":"https:\/\/3mmc4cmc.com\/pl\/wp-json\/wp\/v2\/pages\/268\/revisions"}],"predecessor-version":[{"id":1039,"href":"https:\/\/3mmc4cmc.com\/pl\/wp-json\/wp\/v2\/pages\/268\/revisions\/1039"}],"wp:attachment":[{"href":"https:\/\/3mmc4cmc.com\/pl\/wp-json\/wp\/v2\/media?parent=268"}],"curies":[{"name":"wp","href":"https:\/\/api.w.org\/{rel}","templated":true}]}}