{"id":268,"date":"2019-04-08T13:33:11","date_gmt":"2019-04-08T13:33:11","guid":{"rendered":"https:\/\/codeless.co\/handel\/science\/?page_id=268"},"modified":"2020-02-20T16:20:40","modified_gmt":"2020-02-20T16:20:40","slug":"about-us","status":"publish","type":"page","link":"https:\/\/3mmc4cmc.com\/lt\/about-us\/","title":{"rendered":"Apie mus"},"content":{"rendered":"<p>[cl_row css_style=\u201c{&#8216;padding-top&#8217;:&#8217;60px&#8217;,&#8217;padding-bottom&#8217;:&#8217;40px&#8217;,&#8217;margin-top&#8217;:&#8217;-30px&#8217;}_-_json\u201c background_color=\u201c#000d47&#8243;][cl_column css_style=\u201c{&#8216;padding-top&#8217;:&#8217;20px&#8217;,&#8217;padding-bottom&#8217;:&#8217;20px&#8217;}_-_json\u201c text_color=\u201clight-text\u201c][cl_custom_heading typography=\u201ch1&#8243; parallel_divider=\u201c0&#8243; custom_responsive_992_bool=\u201c0&#8243; custom_responsive_768_bool=\u201c0&#8243; css_style=\u201c{&#8216;margin-top&#8217;:&#8217;35px&#8217;}_-_json\u201c]Apie mus[\/cl_custom_heading][\/cl_column][\/cl_row][cl_row css_style=\u201c{&#8216;padding-top&#8217;:&#8217;60px&#8217;,&#8217;padding-bottom&#8217;:&#8217;60px&#8217;}_-_json\u201c background_image=\u201c{&#8216;id&#8217;:&#8217;30&#8217;,&#8217;mime&#8217;:&#8217;image%2Fjpeg&#8217;,&#8217;url&#8217;:&#8217;https%3A%2F%2Fcodeless.co%2Fhandel%2Fscience%2Fwp-content%2Fuploads%2F2019%2F04%2Fshutterstock11.jpg&#8217;}_-_json\u201c][cl_column width=\u201c1\/2&#8243; css_style=\u201c{&#8216;padding-bottom&#8217;:&#8217;0px&#8217;}_-_json\u201c][cl_custom_heading typography=\u201ccustom_font\u201c text_font_size=\u201c20&#8243; text_font_weight=\u201c100&#8243; text_line_height=\u201c40&#8243; text_letterspace=\u201c4&#8243; parallel_divider=\u201c1&#8243; custom_responsive_992_bool=\u201c0&#8243; custom_responsive_768_bool=\u201c0&#8243; css_style=\u201c{&#8216;margin-top&#8217;:&#8217;35px&#8217;}_-_json\u201c text_color=\u201c#000d47&#8243;]APIE MUS[\/cl_custom_heading][cl_custom_heading typography=\u201ccustom_font\u201c text_font_size=\u201c36&#8243; text_font_weight=\u201c600&#8243; text_line_height=\u201c40&#8243; text_transform=\u201cnone\u201c parallel_divider=\u201c0&#8243; custom_responsive_992_bool=\u201c0&#8243; custom_responsive_768_bool=\u201c0&#8243; css_style=\u201c{&#8216;margin-top&#8217;:&#8217;0px&#8217;}_-_json\u201c text_color=\u201c#000d47&#8243;]Informacijos[\/cl_custom_heading][cl_text custom_typography=\u201c0&#8243; custom_responsive_992_bool=\u201c0&#8243; custom_responsive_768_bool=\u201c0&#8243; css_style=\u201c{&#8216;margin-top&#8217;:&#8217;20px&#8217;}_-_json\u201c]Mes turime ilgamet\u0119 patirt\u012f research chemicals chemijos pramon\u0117s tyrim\u0173 srityje.<\/p>\n<p>Pas mus galite u\u017esisakyti auk\u0161tos kokyb\u0117s produktus, sukurtus profesionalioje farmacijos laboratorijoje.<\/p>\n<p>Visi si\u016blomi produktai buvo i\u0161bandyti laboratorijoje. Greitas ir profesionalus i\u0161siuntimas.[\/cl_text][\/cl_column][cl_column width=\u201c1\/2&#8243; css_style=\u201c{&#8216;padding-top&#8217;:&#8217;20px&#8217;,&#8217;padding-bottom&#8217;:&#8217;20px&#8217;}_-_json\u201c][\/cl_column][\/cl_row]<\/p>\n","protected":false},"excerpt":{"rendered":"<p>[cl_row css_style=\u201c{&#8216;padding-top&#8217;:&#8217;60px&#8217;,&#8217;padding-bottom&#8217;:&#8217;40px&#8217;,&#8217;margin-top&#8217;:&#8217;-30px&#8217;}_-_json\u201c background_color=\u201c#000d47&#8243;][cl_column css_style=\u201c{&#8216;padding-top&#8217;:&#8217;20px&#8217;,&#8217;padding-bottom&#8217;:&#8217;20px&#8217;}_-_json\u201c text_color=\u201clight-text\u201c][cl_custom_heading typography=\u201ch1&#8243; parallel_divider=\u201c0&#8243; custom_responsive_992_bool=\u201c0&#8243; custom_responsive_768_bool=\u201c0&#8243; css_style=\u201c{&#8216;margin-top&#8217;:&#8217;35px&#8217;}_-_json\u201c]Apie mus[\/cl_custom_heading][\/cl_column][\/cl_row][cl_row css_style=\u201c{&#8216;padding-top&#8217;:&#8217;60px&#8217;,&#8217;padding-bottom&#8217;:&#8217;60px&#8217;}_-_json\u201c background_image=\u201c{&#8216;id&#8217;:&#8217;30&#8217;,&#8217;mime&#8217;:&#8217;image%2Fjpeg&#8217;,&#8217;url&#8217;:&#8217;https%3A%2F%2Fcodeless.co%2Fhandel%2Fscience%2Fwp-content%2Fuploads%2F2019%2F04%2Fshutterstock11.jpg&#8217;}_-_json\u201c][cl_column width=\u201c1\/2&#8243; css_style=\u201c{&#8216;padding-bottom&#8217;:&#8217;0px&#8217;}_-_json\u201c][cl_custom_heading typography=\u201ccustom_font\u201c text_font_size=\u201c20&#8243; text_font_weight=\u201c100&#8243; text_line_height=\u201c40&#8243; text_letterspace=\u201c4&#8243; parallel_divider=\u201c1&#8243; custom_responsive_992_bool=\u201c0&#8243; custom_responsive_768_bool=\u201c0&#8243; css_style=\u201c{&#8216;margin-top&#8217;:&#8217;35px&#8217;}_-_json\u201c text_color=\u201c#000d47&#8243;]APIE MUS[\/cl_custom_heading][cl_custom_heading typography=\u201ccustom_font\u201c text_font_size=\u201c36&#8243; text_font_weight=\u201c600&#8243; text_line_height=\u201c40&#8243; text_transform=\u201cnone\u201c parallel_divider=\u201c0&#8243; custom_responsive_992_bool=\u201c0&#8243; custom_responsive_768_bool=\u201c0&#8243; css_style=\u201c{&#8216;margin-top&#8217;:&#8217;0px&#8217;}_-_json\u201c text_color=\u201c#000d47&#8243;]Informacijos[\/cl_custom_heading][cl_text custom_typography=\u201c0&#8243; custom_responsive_992_bool=\u201c0&#8243; custom_responsive_768_bool=\u201c0&#8243; css_style=\u201c{&#8216;margin-top&#8217;:&#8217;20px&#8217;}_-_json\u201c]Mes [&hellip;]<\/p>\n","protected":false},"author":1,"featured_media":0,"parent":0,"menu_order":0,"comment_status":"closed","ping_status":"closed","template":"","meta":[],"yoast_head":"<!-- This site is optimized with the Yoast SEO plugin v14.9 - https:\/\/yoast.com\/wordpress\/plugins\/seo\/ -->\n<title>Apie mus - 3mmc4cmc.com - 3-CMC, 3-MMC, 4-CMC, buy 4-cmc<\/title>\n<meta name=\"description\" content=\"We have many years of experience with research chemicals business.All products in offer were tested in laboratory. Fast and professional shipping.\" \/>\n<meta name=\"robots\" content=\"index, follow, max-snippet:-1, max-image-preview:large, max-video-preview:-1\" \/>\n<link rel=\"canonical\" href=\"https:\/\/3mmc4cmc.com\/bg\/about-us\/\" \/>\n<meta property=\"og:locale\" content=\"lt_LT\" \/>\n<meta property=\"og:type\" content=\"article\" \/>\n<meta property=\"og:title\" content=\"Apie mus\" \/>\n<meta property=\"og:description\" content=\"We have many years of experience with research chemicals business.All products in offer were tested in laboratory. Fast and professional shipping.\" \/>\n<meta property=\"og:url\" content=\"https:\/\/3mmc4cmc.com\/bg\/about-us\/\" \/>\n<meta property=\"og:site_name\" content=\"3mmc4cmc.com - 3-CMC, 3-MMC, 4-CMC, buy 4-cmc\" \/>\n<meta property=\"article:modified_time\" content=\"2020-02-20T16:20:40+00:00\" \/>\n<meta name=\"twitter:card\" content=\"summary_large_image\" \/>\n<script type=\"application\/ld+json\" class=\"yoast-schema-graph\">{\"@context\":\"https:\/\/schema.org\",\"@graph\":[{\"@type\":\"WebSite\",\"@id\":\"https:\/\/3mmc4cmc.com\/lt\/#website\",\"url\":\"https:\/\/3mmc4cmc.com\/lt\/\",\"name\":\"3mmc4cmc.com - 3-CMC, 3-MMC, 4-CMC, buy 4-cmc\",\"description\":\"3-CMC, 3-MMC, 4-CMC, buy 4-cmc\",\"potentialAction\":[{\"@type\":\"SearchAction\",\"target\":\"https:\/\/3mmc4cmc.com\/lt\/?s={search_term_string}\",\"query-input\":\"required name=search_term_string\"}],\"inLanguage\":\"lt\"},{\"@type\":\"WebPage\",\"@id\":\"https:\/\/3mmc4cmc.com\/bg\/about-us\/#webpage\",\"url\":\"https:\/\/3mmc4cmc.com\/bg\/about-us\/\",\"name\":\"[:en]About Us[:pl]O nas[:cz]O n\\u00e1s[:sk]O n\\u00e1s[:es]Acerca de nosotros[:nl]Over ons[:de]\\u00dcber uns[:fr]\\u00c0 propos de nous[:hu]R\\u00f3lunk[:ro]Despre noiembrie[:it]Chi siamo[:bg]\\u0417\\u0430 \\u043d\\u0430\\u0441[:lt]Apie mus[:] - 3mmc4cmc.com - 3-CMC, 3-MMC, 4-CMC, buy 4-cmc\",\"isPartOf\":{\"@id\":\"https:\/\/3mmc4cmc.com\/lt\/#website\"},\"datePublished\":\"2019-04-08T13:33:11+00:00\",\"dateModified\":\"2020-02-20T16:20:40+00:00\",\"description\":\"We have many years of experience with research chemicals business.All products in offer were tested in laboratory. Fast and professional shipping.\",\"inLanguage\":\"lt\",\"potentialAction\":[{\"@type\":\"ReadAction\",\"target\":[\"https:\/\/3mmc4cmc.com\/bg\/about-us\/\"]}]}]}<\/script>\n<!-- \/ Yoast SEO plugin. -->","_links":{"self":[{"href":"https:\/\/3mmc4cmc.com\/lt\/wp-json\/wp\/v2\/pages\/268"}],"collection":[{"href":"https:\/\/3mmc4cmc.com\/lt\/wp-json\/wp\/v2\/pages"}],"about":[{"href":"https:\/\/3mmc4cmc.com\/lt\/wp-json\/wp\/v2\/types\/page"}],"author":[{"embeddable":true,"href":"https:\/\/3mmc4cmc.com\/lt\/wp-json\/wp\/v2\/users\/1"}],"replies":[{"embeddable":true,"href":"https:\/\/3mmc4cmc.com\/lt\/wp-json\/wp\/v2\/comments?post=268"}],"version-history":[{"count":20,"href":"https:\/\/3mmc4cmc.com\/lt\/wp-json\/wp\/v2\/pages\/268\/revisions"}],"predecessor-version":[{"id":1039,"href":"https:\/\/3mmc4cmc.com\/lt\/wp-json\/wp\/v2\/pages\/268\/revisions\/1039"}],"wp:attachment":[{"href":"https:\/\/3mmc4cmc.com\/lt\/wp-json\/wp\/v2\/media?parent=268"}],"curies":[{"name":"wp","href":"https:\/\/api.w.org\/{rel}","templated":true}]}}