{"id":396,"date":"2019-04-02T13:40:48","date_gmt":"2019-04-02T13:40:48","guid":{"rendered":"https:\/\/codeless.co\/handel\/science\/?page_id=5"},"modified":"2026-01-19T04:57:12","modified_gmt":"2026-01-19T04:57:12","slug":"home","status":"publish","type":"page","link":"https:\/\/3mmc4cmc.com\/hu\/","title":{"rendered":"F\u0151 oldal"},"content":{"rendered":"<p>[cl_slider slider_height=&#8221;615&#8243; css_style=&#8221;{&#8216;margin-top&#8217;:&#8217;-30px&#8217;}_-_json&#8221;][cl_slide][cl_row fullheight=&#8221;1&#8243; css_style=&#8221;{&#8216;padding-bottom&#8217;:&#8217;0px&#8217;}_-_json&#8221; overlay_opacity=&#8221;0.75&#8243; background_image=&#8221;{&#8216;id&#8217;:&#8217;40&#8217;,&#8217;mime&#8217;:&#8217;image%2Fjpeg&#8217;,&#8217;url&#8217;:&#8217;https%3A%2F%2Fcodeless.co%2Fhandel%2Fscience%2Fwp-content%2Fuploads%2F2019%2F04%2Fshutterstock.jpg&#8217;}_-_json&#8221; col_responsive=&#8221;full&#8221; overlay=&#8221;color&#8221; overlay_color=&#8221;#000d47&#8243;][cl_column animation=&#8221;bottom-t-top&#8221; css_style=&#8221;{&#8216;padding-left&#8217;:&#8217;0px&#8217;,&#8217;padding-right&#8217;:&#8217;0px&#8217;,&#8217;padding-top&#8217;:&#8217;0px&#8217;,&#8217;padding-bottom&#8217;:&#8217;0px&#8217;}_-_json&#8221; text_color=&#8221;light-text&#8221; background_color=&#8221;rgba(232,226,242,0)&#8221; horizontal_align=&#8221;middle&#8221;][cl_custom_heading typography=&#8221;custom_font&#8221; text_font_size=&#8221;31&#8243; text_font_weight=&#8221;100&#8243; text_line_height=&#8221;40&#8243; text_color=&#8221;#ffffff&#8221; text_letterspace=&#8221;4&#8243; css_style=&#8221;{&#8216;padding-bottom&#8217;:&#8217;5px&#8217;}_-_json&#8221;]<\/p>\n<table class=\"pricelist\">\n<tbody>\n<tr>\n<td style=\"background: none;\"><\/td>\n<td style=\"background: none;\"><strong>AJ\u00c1NLATUNK:<\/strong><\/td>\n<td style=\"background: none;\"><\/td>\n<\/tr>\n<\/tbody>\n<\/table>\n<table class=\"pricelist\">\n<tbody>\n<tr>\n<td style=\"background: none;\"><strong>4-MMC ANALOG<\/strong><\/p>\n<p>0,1kg 650\u20ac\/kg<\/p>\n<p>0.25g 1200\u20ac\/kg<\/p>\n<p>0,5kg 2150\u20ac\/kg<\/p>\n<p>1kg 3400\u20ac\/kg<\/td>\n<td style=\"background: none;\"><strong>3-CMC<\/strong><\/p>\n<p>0,1kg 500\u20ac<\/p>\n<p>0,25kg 800\u20ac<\/p>\n<p>0,5kg 1400\u20ac\/kg<\/p>\n<p>1kg 2600\u20ac\/kg<\/td>\n<td style=\"background: none;\"><strong>3-CMC PREMIUM<\/strong><\/p>\n<p>0,1kg 600\u20ac<\/p>\n<p>0,25kg 950\u20ac<\/p>\n<p>0,5kg 1800\u20ac\/kg<\/p>\n<p>1kg 3150\u20ac\/kg<\/td>\n<\/tr>\n<\/tbody>\n<\/table>\n<table class=\"pricelist\" style=\"margin-top: 0.1em;\">\n<tbody>\n<tr>\n<td style=\"background: none;\"><strong>4-CMC<\/strong><\/p>\n<p>0,1kg 550\u20ac<\/p>\n<p>0,25kg 850\u20ac<\/p>\n<p>0,5kg 1550\u20ac<\/p>\n<p>1kg 2700\u20ac\/kg<\/td>\n<td style=\"background: none;\"><strong>NEP<\/strong><\/p>\n<p>0,1kg 500\u20ac<\/p>\n<p>0,25kg 800\u20ac<\/p>\n<p>0,5kg 1400\u20ac\/kg<\/p>\n<p>1kg 2600\u20ac\/kg<\/td>\n<td style=\"background: none;\"><strong>MDPHP<\/strong><\/p>\n<p>0,05kg 900\u20ac<\/p>\n<p>0,1kg 1600\u20ac<\/p>\n<p>0,25kg 3500\u20ac<\/p>\n<p>0.5kg 6000\u20ac\/kg<\/p>\n<p>1kg 10000\u20ac\/kg<\/td>\n<\/tr>\n<\/tbody>\n<\/table>\n<table class=\"pricelist\" style=\"margin-top: 0.1em;\">\n<tbody>\n<tr>\n<td style=\"background: none;\"><strong>2-FDCK<\/strong><\/p>\n<p>0.1kg 550\u20ac\/kg<\/p>\n<p>0.25kg 900\u20ac\/kg<\/p>\n<p>0.5kg 1600\u20ac\/kg<\/p>\n<p>1kg 3000\u20ac\/kg<\/td>\n<td style=\"background: none;\"><strong>HEXEN<\/strong><\/p>\n<p>0.1kg 600\u20ac\/kg<\/p>\n<p>0.25kg 1000\u20ac\/kg<\/p>\n<p>0.5kg 1800\u20ac\/kg<\/p>\n<p>1kg 3400\u20ac\/kg<\/td>\n<td style=\"background: none;\"><strong>A-PVP<\/strong><\/p>\n<p>0.1kg 700\u20ac\/kg<\/p>\n<p>0.25kg 1250\u20ac\/kg<\/p>\n<p>0.5kg 2300\u20ac\/kg<\/p>\n<p>1kg 3900\u20ac\/kg<\/td>\n<\/td>\n<\/tr>\n<\/tbody>\n<\/table>\n<p>[\/cl_custom_heading][cl_button overwrite_style=&#8221;1&#8243; button_layout=&#8221;extra-large&#8221; css_style=&#8221;{&#8216;margin-top&#8217;:&#8217;5px&#8217;}_-_json&#8221; button_bg_color=&#8221;#3467c0&#8243; button_bg_color_hover=&#8221;#3467c0&#8243; button_border_color=&#8221;&#8221; button_font=&#8221;extra-large&#8221; btn_title=&#8221;<\/p>\n<p>KAPCSOLAT<\/p>\n<p>&#8221; link=&#8221;\/hu\/contact-us\/&#8221;][\/cl_column][\/cl_row][\/cl_slide][\/cl_slider][cl_row css_style=&#8221;{&#8216;padding-top&#8217;:&#8217;0px&#8217;,&#8217;padding-bottom&#8217;:&#8217;20px&#8217;}_-_json&#8221; columns_gap=&#8221;5&#8243;][cl_column width=&#8221;1\/4&#8243; background_color=&#8221;#ffffff&#8221; css_style=&#8221;{&#8216;margin-top&#8217;:&#8217;-60px&#8217;,&#8217;padding-left&#8217;:&#8217;15px&#8217;,&#8217;padding-right&#8217;:&#8217;15px&#8217;,&#8217;padding-top&#8217;:&#8217;30px&#8217;}_-_json&#8221; border_rounded=&#8221;1&#8243;][cl_service media=&#8221;type_icon&#8221; layout_type=&#8221;media_top&#8221; layout_align=&#8221;align_center&#8221; title=&#8221;\u00c1rak&#8221; wrapper=&#8221;wrapper_circle&#8221; icon_font_size=&#8221;64&#8243; wrapper_size=&#8221;70&#8243; wrapper_distance=&#8221;13&#8243; title_content_distance=&#8221;13&#8243; title_typography=&#8221;h3&#8243; icon=&#8221;cl-icon-chart-bar&#8221; box_border_color=&#8221;rgba(0,0,0,0)&#8221; wrapper_bg_color=&#8221;rgba(0,255,255,0)&#8221; wrapper_border_color=&#8221;rgba(0,0,0,0)&#8221;]<\/p>\n<p>A legjobb nagykereskedelmi \u00e1rral rendelkez\u00fcnk ilyen j\u00f3 min\u0151s\u00e9g\u0171 term\u00e9kek\u00e9rt.<\/p>\n<p>[\/cl_service][\/cl_column][cl_column width=&#8221;1\/4&#8243; background_color=&#8221;#ffffff&#8221; css_style=&#8221;{&#8216;margin-top&#8217;:&#8217;-60px&#8217;,&#8217;padding-left&#8217;:&#8217;15px&#8217;,&#8217;padding-right&#8217;:&#8217;15px&#8217;,&#8217;padding-top&#8217;:&#8217;30px&#8217;}_-_json&#8221;][cl_service media=&#8221;type_icon&#8221; layout_type=&#8221;media_top&#8221; layout_align=&#8221;align_center&#8221; title=&#8221;Sz\u00e1ll\u00edt\u00e1s&#8221; wrapper=&#8221;wrapper_circle&#8221; icon_font_size=&#8221;64&#8243; wrapper_size=&#8221;70&#8243; wrapper_distance=&#8221;13&#8243; title_content_distance=&#8221;13&#8243; title_typography=&#8221;h3&#8243; icon=&#8221;cl-icon-tasks&#8221; box_border_color=&#8221;rgba(0,0,0,0)&#8221; wrapper_bg_color=&#8221;rgba(0,255,255,0)&#8221; wrapper_border_color=&#8221;rgba(0,0,0,0)&#8221;]<\/p>\n<p>Csomagol\u00e1si k\u00e9pess\u00e9geinket az \u00e9vek sor\u00e1n t\u00f6k\u00e9letes\u00edtett\u00fck, ez biztos\u00edtja a gyors \u00e9s biztons\u00e1gos sz\u00e1ll\u00edt\u00e1st.<\/p>\n<p>[\/cl_service][\/cl_column][cl_column width=&#8221;1\/4&#8243; background_color=&#8221;#ffffff&#8221; css_style=&#8221;{&#8216;margin-top&#8217;:&#8217;-60px&#8217;,&#8217;padding-left&#8217;:&#8217;15px&#8217;,&#8217;padding-right&#8217;:&#8217;15px&#8217;,&#8217;padding-top&#8217;:&#8217;30px&#8217;}_-_json&#8221;][cl_service media=&#8221;type_icon&#8221; layout_type=&#8221;media_top&#8221; layout_align=&#8221;align_center&#8221; title=&#8221;Elemz\u00e9sek&#8221; wrapper=&#8221;wrapper_circle&#8221; icon_font_size=&#8221;64&#8243; wrapper_size=&#8221;70&#8243; wrapper_distance=&#8221;13&#8243; title_content_distance=&#8221;13&#8243; title_typography=&#8221;h3&#8243; icon=&#8221;cl-icon-wrench&#8221; box_border_color=&#8221;rgba(0,0,0,0)&#8221; wrapper_bg_color=&#8221;rgba(0,255,255,0)&#8221; wrapper_border_color=&#8221;rgba(0,0,0,0)&#8221;]<\/p>\n<p>Soha nem \u00e9rt\u00e9kes\u00edt\u00fcnk term\u00e9keket laborat\u00f3riumi elemz\u00e9sek n\u00e9lk\u00fcl, ami biztos\u00edtja, hogy kiz\u00e1r\u00f3lag tiszta, legjobb min\u0151s\u00e9g\u0171 term\u00e9keket kapsz.<\/p>\n<p>[\/cl_service][\/cl_column][cl_column width=&#8221;1\/4&#8243; background_color=&#8221;#ffffff&#8221; css_style=&#8221;{&#8216;margin-top&#8217;:&#8217;-60px&#8217;,&#8217;padding-left&#8217;:&#8217;15px&#8217;,&#8217;padding-right&#8217;:&#8217;15px&#8217;,&#8217;padding-top&#8217;:&#8217;30px&#8217;}_-_json&#8221;][cl_service media=&#8221;type_icon&#8221; layout_type=&#8221;media_top&#8221; layout_align=&#8221;align_center&#8221; title=&#8221;Szint\u00e9zis&#8221; wrapper=&#8221;wrapper_circle&#8221; icon_font_size=&#8221;64&#8243; wrapper_size=&#8221;70&#8243; wrapper_distance=&#8221;13&#8243; title_content_distance=&#8221;13&#8243; title_typography=&#8221;h3&#8243; icon=&#8221;cl-icon-flask&#8221; box_border_color=&#8221;rgba(0,0,0,0)&#8221; wrapper_bg_color=&#8221;rgba(0,255,255,0)&#8221; wrapper_border_color=&#8221;rgba(0,0,0,0)&#8221;]<\/p>\n<p>Minden term\u00e9k szakszer\u0171 gy\u00f3gyszeripari laborat\u00f3riumban k\u00e9sz\u00fcl.<\/p>\n<p>[\/cl_service][\/cl_column][\/cl_row][cl_row css_style=&#8221;{&#8216;padding-top&#8217;:&#8217;60px&#8217;,&#8217;padding-bottom&#8217;:&#8217;90px&#8217;}_-_json&#8221; background_image=&#8221;{&#8216;id&#8217;:&#8217;30&#8217;,&#8217;mime&#8217;:&#8217;image%2Fjpeg&#8217;,&#8217;url&#8217;:&#8217;https%3A%2F%2Fcodeless.co%2Fhandel%2Fscience%2Fwp-content%2Fuploads%2F2019%2F04%2Fshutterstock11.jpg&#8217;}_-_json&#8221;][cl_column width=&#8221;1\/2&#8243; css_style=&#8221;{&#8216;padding-bottom&#8217;:&#8217;0px&#8217;}_-_json&#8221;][cl_custom_heading typography=&#8221;custom_font&#8221; text_font_size=&#8221;20&#8243; text_font_weight=&#8221;100&#8243; text_line_height=&#8221;40&#8243; text_color=&#8221;#000d47&#8243; text_letterspace=&#8221;4&#8243; parallel_divider=&#8221;1&#8243;]<\/p>\n<p>fontos k\u00e9rd\u00e9sek<\/p>\n<p>[\/cl_custom_heading][cl_custom_heading typography=&#8221;custom_font&#8221; text_font_size=&#8221;36&#8243; text_line_height=&#8221;40&#8243; css_style=&#8221;{&#8216;margin-top&#8217;:&#8217;0px&#8217;}_-_json&#8221; text_color=&#8221;#000d47&#8243; text_transform=&#8221;none&#8221; text_font_weight=&#8221;600&#8243;]<\/p>\n<p><mark class=\"highlight\">Szab\u00e1lyok &#038; Inform\u00e1ci\u00f3k<\/mark><\/p>\n<p>[\/cl_custom_heading][cl_text css_style=&#8221;{&#8216;margin-top&#8217;:&#8217;20px&#8217;}_-_json&#8221;]<\/p>\n<p>Minden term\u00e9k leg\u00e1lis abban az orsz\u00e1gban, ahonnan feladjuk. Az \u00fcgyf\u00e9lnek kell ellen\u0151riznie a term\u00e9k jogi st\u00e1tusz\u00e1t a c\u00e9lorsz\u00e1gban a megrendel\u00e9s lead\u00e1sa el\u0151tt.<\/p>\n<div>\n<p>A term\u00e9keknek leg\u00e1lisnak kell lennie a c\u00e9lorsz\u00e1gban. Az \u00fcgyf\u00e9l felel a term\u00e9kek jogszab\u00e1lyoknak val\u00f3 megfelel\u00e9s\u00e9\u00e9rt a c\u00e9lorsz\u00e1gban.<\/p>\n<\/div>\n<p>[\/cl_text][cl_row_inner css_style=&#8221;{&#8216;margin-top&#8217;:&#8217;20px&#8217;}_-_json&#8221;][cl_column_inner width=&#8221;1\/2&#8243;][cl_text]<\/p>\n<p>Fontos inform\u00e1ci\u00f3k:<\/p>\n<p>[\/cl_text][cl_list style=&#8221;circle&#8221;][cl_list_item]Megrendel\u00e9s e-mail \u00fatj\u00e1n.[\/cl_list_item][cl_list_item]Kisz\u00e1ll\u00edt\u00e1s fut\u00e1rral.[\/cl_list_item][cl_list_item]Fizet\u00e9s banki \u00e1tutal\u00e1ssal vagy BTC \u00fatj\u00e1n.[\/cl_list_item][cl_list_item]A term\u00e9kek kiz\u00e1r\u00f3lag m\u0171szaki vagy kutat\u00e1si c\u00e9lra szolg\u00e1lnak. [\/cl_list_item][cl_list_item]A term\u00e9kek k\u00e1rosak, emberek \u00e1ltali fogyaszt\u00e1suk tilos.[\/cl_list_item][cl_list_item]Tartsd t\u00e1vol azokat a gyerekekt\u0151l \u00e9s \u00e1llatokt\u00f3l.[\/cl_list_item][cl_list_item]Nem sz\u00e1ll\u00edtunk az Egyes\u00fclt \u00c1llamokba.[\/cl_list_item][\/cl_list][\/cl_column_inner][cl_column_inner width=&#8221;1\/2&#8243;][cl_text]<\/p>\n<p>Megrendel\u00e9seddel igazolod. hogy:<\/p>\n<p>[\/cl_text][cl_list style=&#8221;circle&#8221;][cl_list_item]Bet\u00f6lt\u00f6tted a 18, \u00e9let\u00e9vedet.[\/cl_list_item][cl_list_item]Tudod, hogy term\u00e9keink rendeltet\u00e9se nem a fogyaszt\u00e1s.[\/cl_list_item][cl_list_item]A term\u00e9keket csak m\u0171szaki\/kutat\u00e1si c\u00e9lra haszn\u00e1lod, mint pl. laborat\u00f3riumi elemz\u00e9s, mag\u00e1n vagy kommersz m\u0171szaki\/kutat\u00e1si alkalmaz\u00e1s. [\/cl_list_item][cl_list_item]Kijelented, hogy a term\u00e9kek leg\u00e1lisak a c\u00e9lorsz\u00e1gban. [\/cl_list_item][\/cl_list][\/cl_column_inner][\/cl_row_inner][\/cl_column][cl_column width=&#8221;1\/2&#8243;][\/cl_column][\/cl_row][cl_row css_style=&#8221;{&#8216;padding-bottom&#8217;:&#8217;0px&#8217;,&#8217;padding-top&#8217;:&#8217;0px&#8217;,&#8217;border-bottom-width&#8217;:&#8217;0&#8242;}_-_json&#8221;][cl_column horizontal_align=&#8221;middle&#8221; css_style=&#8221;{&#8216;padding-bottom&#8217;:&#8217;70px&#8217;}_-_json&#8221;][cl_custom_heading typography=&#8221;custom_font&#8221; text_font_size=&#8221;20&#8243; text_font_weight=&#8221;100&#8243; text_line_height=&#8221;40&#8243; text_color=&#8221;#000d47&#8243; text_letterspace=&#8221;4&#8243;]<\/p>\n<p>R\u00d3LUNK SZ\u00c1MOKBAN<\/p>\n<p>[\/cl_custom_heading][cl_custom_heading typography=&#8221;custom_font&#8221; text_font_size=&#8221;36&#8243; text_line_height=&#8221;40&#8243; css_style=&#8221;{&#8216;margin-top&#8217;:&#8217;0px&#8217;}_-_json&#8221; text_color=&#8221;#000d47&#8243; text_transform=&#8221;none&#8221; text_font_weight=&#8221;600&#8243;]<\/p>\n<p>\u00e9ves id\u0151szak sor\u00e1n szerzett tapasztalataink<\/p>\n<p>[\/cl_custom_heading][cl_row_inner][cl_column_inner width=&#8221;1\/4&#8243;][cl_counter number=&#8221;1&#8243;][cl_custom_heading typography=&#8221;h3&#8243; css_style=&#8221;{&#8216;margin-top&#8217;:&#8217;10px&#8217;}_-_json&#8221;]A legjobb \u00fczlet[\/cl_custom_heading][\/cl_column_inner][cl_column_inner width=&#8221;1\/4&#8243;][cl_counter number=&#8221;13&#8243;][cl_custom_heading typography=&#8221;h3&#8243; css_style=&#8221;{&#8216;margin-top&#8217;:&#8217;10px&#8217;}_-_json&#8221;]<\/p>\n<p>\u00e9v tapasztalata<\/p>\n<p>[\/cl_custom_heading][\/cl_column_inner][cl_column_inner width=&#8221;1\/4&#8243;][cl_counter number=&#8221;49&#8243;][cl_custom_heading typography=&#8221;h3&#8243; css_style=&#8221;{&#8216;margin-top&#8217;:&#8217;10px&#8217;}_-_json&#8221;]<\/p>\n<p>elemz\u00e9s ebben az \u00e9vben<\/p>\n<p>[\/cl_custom_heading][\/cl_column_inner][cl_column_inner width=&#8221;1\/4&#8243;][cl_counter number=&#8221;7&#8243;][cl_custom_heading typography=&#8221;h3&#8243; css_style=&#8221;{&#8216;margin-top&#8217;:&#8217;10px&#8217;}_-_json&#8221;]<\/p>\n<p>Az aj\u00e1nlat \u00e1ltal fel\u00f6lelt term\u00e9kek<\/p>\n<p>[\/cl_custom_heading][\/cl_column_inner][\/cl_row_inner][\/cl_column][\/cl_row][cl_row css_style=&#8221;{&#8216;padding-top&#8217;:&#8217;60px&#8217;,&#8217;padding-bottom&#8217;:&#8217;60px&#8217;}_-_json&#8221; text_color=&#8221;light-text&#8221; background_image=&#8221;{&#8216;id&#8217;:&#8217;40&#8217;,&#8217;mime&#8217;:&#8217;image%2Fjpeg&#8217;,&#8217;url&#8217;:&#8217;https%3A%2F%2Fcodeless.co%2Fhandel%2Fscience%2Fwp-content%2Fuploads%2F2019%2F04%2Fshutterstock.jpg&#8217;}_-_json&#8221; overlay=&#8221;color&#8221; overlay_color=&#8221;#000d47&#8243; overlay_opacity=&#8221;0.75&#8243; equal_height=&#8221;1&#8243;][cl_column text_color=&#8221;light-text&#8221; width=&#8221;3\/4&#8243;][cl_custom_heading typography=&#8221;custom_font&#8221; text_font_size=&#8221;20&#8243; text_font_weight=&#8221;100&#8243; text_line_height=&#8221;40&#8243; text_color=&#8221;#ffffff&#8221; text_letterspace=&#8221;4&#8243; parallel_divider=&#8221;1&#8243;]<\/p>\n<p>K\u00c9SZEN \u00c1LLSZ A MEGRENDEL\u00c9S LEAD\u00c1S\u00c1RA?<\/p>\n<p>[\/cl_custom_heading][cl_custom_heading typography=&#8221;custom_font&#8221; text_font_size=&#8221;36&#8243; text_line_height=&#8221;40&#8243; css_style=&#8221;{&#8216;margin-top&#8217;:&#8217;0px&#8217;}_-_json&#8221; text_color=&#8221;#ffffff&#8221; text_transform=&#8221;none&#8221; text_font_weight=&#8221;600&#8243;]<\/p>\n<p>Kezdj\u00fck meg az egy\u00fcttm\u0171k\u00f6d\u00e9st m\u00e1r ma &#038; ne t\u00e9tov\u00e1zz:<\/p>\n<p>[\/cl_custom_heading][\/cl_column][cl_column width=&#8221;1\/4&#8243; horizontal_align=&#8221;middle&#8221; vertical_align=&#8221;middle&#8221;][cl_button btn_title=&#8221;Kapcsolat&#8221; overwrite_style=&#8221;1&#8243; button_bg_color=&#8221;#3467c0&#8243; button_bg_color_hover=&#8221;#ffffff&#8221; button_font_color_hover=&#8221;#3467c0&#8243; button_layout=&#8221;extra-large&#8221; button_font=&#8221;extra-large&#8221; button_border_color=&#8221;&#8221; link=&#8221;\/hu\/contact-us\/&#8221;][\/cl_column][\/cl_row]<\/p>\n","protected":false},"excerpt":{"rendered":"<p>[cl_slider slider_height=&#8221;615&#8243; css_style=&#8221;{&#8216;margin-top&#8217;:&#8217;-30px&#8217;}_-_json&#8221;][cl_slide][cl_row fullheight=&#8221;1&#8243; css_style=&#8221;{&#8216;padding-bottom&#8217;:&#8217;0px&#8217;}_-_json&#8221; overlay_opacity=&#8221;0.75&#8243; background_image=&#8221;{&#8216;id&#8217;:&#8217;40&#8217;,&#8217;mime&#8217;:&#8217;image%2Fjpeg&#8217;,&#8217;url&#8217;:&#8217;https%3A%2F%2Fcodeless.co%2Fhandel%2Fscience%2Fwp-content%2Fuploads%2F2019%2F04%2Fshutterstock.jpg&#8217;}_-_json&#8221; col_responsive=&#8221;full&#8221; overlay=&#8221;color&#8221; overlay_color=&#8221;#000d47&#8243;][cl_column animation=&#8221;bottom-t-top&#8221; css_style=&#8221;{&#8216;padding-left&#8217;:&#8217;0px&#8217;,&#8217;padding-right&#8217;:&#8217;0px&#8217;,&#8217;padding-top&#8217;:&#8217;0px&#8217;,&#8217;padding-bottom&#8217;:&#8217;0px&#8217;}_-_json&#8221; text_color=&#8221;light-text&#8221; background_color=&#8221;rgba(232,226,242,0)&#8221; horizontal_align=&#8221;middle&#8221;][cl_custom_heading typography=&#8221;custom_font&#8221; text_font_size=&#8221;31&#8243; text_font_weight=&#8221;100&#8243; text_line_height=&#8221;40&#8243; text_color=&#8221;#ffffff&#8221; text_letterspace=&#8221;4&#8243; css_style=&#8221;{&#8216;padding-bottom&#8217;:&#8217;5px&#8217;}_-_json&#8221;] AJ\u00c1NLATUNK: 4-MMC ANALOG 0,1kg 650\u20ac\/kg 0.25g 1200\u20ac\/kg 0,5kg 2150\u20ac\/kg 1kg 3400\u20ac\/kg 3-CMC 0,1kg 500\u20ac 0,25kg 800\u20ac 0,5kg 1400\u20ac\/kg [&hellip;]<\/p>\n","protected":false},"author":1,"featured_media":0,"parent":0,"menu_order":0,"comment_status":"closed","ping_status":"closed","template":"","meta":[],"yoast_head":"<!-- This site is optimized with the Yoast SEO plugin v14.9 - https:\/\/yoast.com\/wordpress\/plugins\/seo\/ -->\n<title>F\u0151 oldal - 3mmc4cmc.com - 3-CMC, 3-MMC, 4-CMC, pirkite 4-cmc<\/title>\n<meta name=\"description\" content=\"We have many years of experience with research chemicals business.All products in offer were tested in laboratory. Fast and professional shipping.\" \/>\n<meta name=\"robots\" content=\"index, follow, max-snippet:-1, max-image-preview:large, max-video-preview:-1\" \/>\n<link rel=\"canonical\" href=\"https:\/\/3mmc4cmc.com\/lt\/\" \/>\n<meta property=\"og:locale\" content=\"hu_HU\" \/>\n<meta property=\"og:type\" content=\"article\" \/>\n<meta property=\"og:title\" content=\"F\u0151 oldal\" \/>\n<meta property=\"og:description\" content=\"We have many years of experience with research chemicals business.All products in offer were tested in laboratory. Fast and professional shipping.\" \/>\n<meta property=\"og:url\" content=\"https:\/\/3mmc4cmc.com\/lt\/\" \/>\n<meta property=\"og:site_name\" content=\"3mmc4cmc.com - 3-CMC, 3-MMC, 4-CMC, buy 4-cmc\" \/>\n<meta property=\"article:modified_time\" content=\"2026-01-19T04:57:12+00:00\" \/>\n<meta name=\"twitter:card\" content=\"summary_large_image\" \/>\n<script type=\"application\/ld+json\" class=\"yoast-schema-graph\">{\"@context\":\"https:\/\/schema.org\",\"@graph\":[{\"@type\":\"WebSite\",\"@id\":\"https:\/\/3mmc4cmc.com\/hu\/#website\",\"url\":\"https:\/\/3mmc4cmc.com\/hu\/\",\"name\":\"3mmc4cmc.com - 3-CMC, 3-MMC, 4-CMC, buy 4-cmc\",\"description\":\"3-CMC, 3-MMC, 4-CMC, buy 4-cmc\",\"potentialAction\":[{\"@type\":\"SearchAction\",\"target\":\"https:\/\/3mmc4cmc.com\/hu\/?s={search_term_string}\",\"query-input\":\"required name=search_term_string\"}],\"inLanguage\":\"hu\"},{\"@type\":\"WebPage\",\"@id\":\"https:\/\/3mmc4cmc.com\/lt\/#webpage\",\"url\":\"https:\/\/3mmc4cmc.com\/lt\/\",\"name\":\"[:en]Home[:pl]Home[:cz]Dom\\u016f[:sk]Domov[:es]P\\u00e1gina principal[:nl]Startpagina[:de]Startseite[:fr]Page d\\u2019accueil[:hu]F\\u0151 oldal[:ro]Pagina principal\\u0103[:it]Home[:bg]\\u041d\\u0430\\u0447\\u0430\\u043b\\u043d\\u0430 \\u0441\\u0442\\u0440\\u0430\\u043d\\u0438\\u0446\\u0430[:lt]Pagrindinis puslapis[:] - 3mmc4cmc.com - 3-CMC, 3-MMC, 4-CMC, pirkite 4-cmc\",\"isPartOf\":{\"@id\":\"https:\/\/3mmc4cmc.com\/hu\/#website\"},\"datePublished\":\"2019-04-02T13:40:48+00:00\",\"dateModified\":\"2026-01-19T04:57:12+00:00\",\"description\":\"We have many years of experience with research chemicals business.All products in offer were tested in laboratory. Fast and professional shipping.\",\"inLanguage\":\"hu\",\"potentialAction\":[{\"@type\":\"ReadAction\",\"target\":[\"https:\/\/3mmc4cmc.com\/lt\/\"]}]}]}<\/script>\n<!-- \/ Yoast SEO plugin. -->","_links":{"self":[{"href":"https:\/\/3mmc4cmc.com\/hu\/wp-json\/wp\/v2\/pages\/396"}],"collection":[{"href":"https:\/\/3mmc4cmc.com\/hu\/wp-json\/wp\/v2\/pages"}],"about":[{"href":"https:\/\/3mmc4cmc.com\/hu\/wp-json\/wp\/v2\/types\/page"}],"author":[{"embeddable":true,"href":"https:\/\/3mmc4cmc.com\/hu\/wp-json\/wp\/v2\/users\/1"}],"replies":[{"embeddable":true,"href":"https:\/\/3mmc4cmc.com\/hu\/wp-json\/wp\/v2\/comments?post=396"}],"version-history":[{"count":946,"href":"https:\/\/3mmc4cmc.com\/hu\/wp-json\/wp\/v2\/pages\/396\/revisions"}],"predecessor-version":[{"id":3635,"href":"https:\/\/3mmc4cmc.com\/hu\/wp-json\/wp\/v2\/pages\/396\/revisions\/3635"}],"wp:attachment":[{"href":"https:\/\/3mmc4cmc.com\/hu\/wp-json\/wp\/v2\/media?parent=396"}],"curies":[{"name":"wp","href":"https:\/\/api.w.org\/{rel}","templated":true}]}}