{"id":3438,"date":"2025-06-14T08:14:55","date_gmt":"2025-06-14T08:14:55","guid":{"rendered":"https:\/\/3mmc4cmc.com\/?page_id=3438"},"modified":"2025-06-29T12:38:55","modified_gmt":"2025-06-29T12:38:55","slug":"2-cmc-pills","status":"publish","type":"page","link":"https:\/\/3mmc4cmc.com\/hu\/2-cmc-pills\/","title":{"rendered":"2-CMC pills"},"content":{"rendered":"<p>[cl_row css_style=&#8221;{&#8216;padding-top&#8217;:&#8217;60px&#8217;,&#8217;padding-bottom&#8217;:&#8217;40px&#8217;,&#8217;margin-top&#8217;:&#8217;-30px&#8217;}_-_json&#8221; background_color=&#8221;#000d47&#8243;][cl_column css_style=&#8221;{&#8216;padding-top&#8217;:&#8217;20px&#8217;,&#8217;padding-bottom&#8217;:&#8217;20px&#8217;}_-_json&#8221; text_color=&#8221;light-text&#8221;][cl_custom_heading typography=&#8221;h1&#8243; parallel_divider=&#8221;0&#8243; custom_responsive_992_bool=&#8221;0&#8243; custom_responsive_768_bool=&#8221;0&#8243; css_style=&#8221;{&#8216;margin-top&#8217;:&#8217;35px&#8217;}_-_json&#8221;]<\/p>\n<h1>2-CMC pills<\/h1>\n<p>[\/cl_custom_heading][\/cl_column][\/cl_row][cl_row equal_height=&#8221;1&#8243; css_style=&#8221;{&#8216;padding-top&#8217;:&#8217;40px&#8217;}_-_json&#8221;][cl_column width=&#8221;1\/2&#8243; css_style=&#8221;{&#8216;padding-top&#8217;:&#8217;0px&#8217;,&#8217;padding-bottom&#8217;:&#8217;0px&#8217;}_-_json&#8221;][cl_gallery carousel=&#8221;0&#8243; lightbox=&#8221;1&#8243; image_size=&#8221;theme_default&#8221; css_style=&#8221;{&#8216;margin-top&#8217;:'{&#8216;,&#8217;margin-bottom&#8217;:'{&#8216;,&#8217;margin-left&#8217;:'{&#8216;,&#8217;margin-right&#8217;:'{&#8216;,&#8217;padding-top&#8217;:'{&#8216;,&#8217;padding-bottom&#8217;:'{&#8216;,&#8217;padding-left&#8217;:'{&#8216;,&#8217;padding-right&#8217;:'{&#8216;,&#8217;border-top-width&#8217;:'{&#8216;,&#8217;border-bottom-width&#8217;:'{&#8216;,&#8217;border-left-width&#8217;:'{&#8216;,&#8217;border-right-width&#8217;:'{&#8216;}_-_json&#8221; images=&#8221;__array____array__end__&#8221;][\/cl_column][cl_column width=&#8221;1\/2&#8243; vertical_align=&#8221;middle&#8221; css_style=&#8221;{&#8216;padding-top&#8217;:&#8217;0px&#8217;,&#8217;padding-bottom&#8217;:&#8217;60px&#8217;}_-_json&#8221;][cl_custom_heading typography=&#8221;custom_font&#8221; text_font_size=&#8221;36&#8243; text_font_weight=&#8221;600&#8243; text_line_height=&#8221;40&#8243; text_transform=&#8221;none&#8221; parallel_divider=&#8221;0&#8243; custom_responsive_992_bool=&#8221;0&#8243; custom_responsive_768_bool=&#8221;0&#8243; css_style=&#8221;{&#8216;margin-top&#8217;:&#8217;0px&#8217;}_-_json&#8221; text_color=&#8221;#000d47&#8243;]<span style=\"margin-top: 30px;\">2-CMC pills<\/span>[\/cl_custom_heading][cl_progress_bar title=&#8221;Tisztas\u00e1g&#8221; percentage=&#8221;99&#8243; css_style=&#8221;{&#8216;margin-top&#8217;:&#8217;15px&#8217;}_-_json&#8221;][cl_text custom_typography=&#8221;0&#8243; custom_responsive_992_bool=&#8221;0&#8243; custom_responsive_768_bool=&#8221;0&#8243; css_style=&#8221;{&#8216;margin-top&#8217;:&#8217;35px&#8217;}_-_json&#8221;]<a href=\"\/hu\"><img loading=\"lazy\" class=\"alignnone size-full wp-image-1239\" src=\"https:\/\/3mmc4cmc.com\/wp-content\/uploads\/2020\/05\/hu.png\" alt=\"\" width=\"241\" height=\"73\" \/><\/a>[\/cl_text][\/cl_column][\/cl_row][cl_row equal_height=&#8221;1&#8243; css_style=&#8221;{&#8216;padding-top&#8217;:&#8217;25px&#8217;,&#8217;padding-bottom&#8217;:&#8217;25px&#8217;}_-_json&#8221;][cl_column width=&#8221;1\/2&#8243; vertical_align=&#8221;middle&#8221; css_style=&#8221;{&#8216;padding-top&#8217;:&#8217;0px&#8217;,&#8217;padding-bottom&#8217;:&#8217;0px&#8217;}_-_json&#8221;][cl_gallery carousel=&#8221;0&#8243; lightbox=&#8221;1&#8243; css_style=&#8221;{&#8216;margin-top&#8217;:&#8217;35px&#8217;}_-_json&#8221; images=&#8221;__array__3075__array__end__&#8221;][\/cl_column][cl_column width=&#8221;1\/2&#8243; css_style=&#8221;{&#8216;padding-top&#8217;:&#8217;0px&#8217;,&#8217;padding-bottom&#8217;:&#8217;0px&#8217;}_-_json&#8221;][cl_list css_style=&#8221;{&#8216;margin-top&#8217;:&#8217;15px&#8217;,&#8217;padding-bottom&#8217;:&#8217;35px&#8217;}_-_json&#8221;][cl_list_item custom_icon=&#8221;1&#8243; icon=&#8221;cl-icon-plus2&#8243;]1-(2-chlorophenyl)-2-(methylamino)-1-propanone[\/cl_list_item][cl_list_item custom_icon=&#8221;1&#8243; icon=&#8221;cl-icon-plus2&#8243;]2-Chloromethcathinone[\/cl_list_item][cl_list_item custom_icon=&#8221;1&#8243; icon=&#8221;cl-icon-plus2&#8243;]90869-66-2[\/cl_list_item][\/cl_list][cl_text custom_typography=&#8221;0&#8243; custom_responsive_992_bool=&#8221;0&#8243; custom_responsive_768_bool=&#8221;0&#8243; css_style=&#8221;{&#8216;margin-top&#8217;:'{&#8216;,&#8217;margin-bottom&#8217;:'{&#8216;,&#8217;margin-left&#8217;:'{&#8216;,&#8217;margin-right&#8217;:'{&#8216;,&#8217;padding-top&#8217;:'{&#8216;,&#8217;padding-bottom&#8217;:'{&#8216;,&#8217;padding-left&#8217;:'{&#8216;,&#8217;padding-right&#8217;:'{&#8216;,&#8217;border-top-width&#8217;:'{&#8216;,&#8217;border-bottom-width&#8217;:'{&#8216;,&#8217;border-left-width&#8217;:'{&#8216;,&#8217;border-right-width&#8217;:'{&#8216;}_-_json&#8221;]2-CMC pills, V\u00e1s\u00e1rold meg 2-CMC pills, \u00fczlet 2-CMC pills, nagykereskedelem 2-CMC pills[\/cl_text][\/cl_column][\/cl_row]<\/p>\n","protected":false},"excerpt":{"rendered":"<p>[cl_row css_style=&#8221;{&#8216;padding-top&#8217;:&#8217;60px&#8217;,&#8217;padding-bottom&#8217;:&#8217;40px&#8217;,&#8217;margin-top&#8217;:&#8217;-30px&#8217;}_-_json&#8221; background_color=&#8221;#000d47&#8243;][cl_column css_style=&#8221;{&#8216;padding-top&#8217;:&#8217;20px&#8217;,&#8217;padding-bottom&#8217;:&#8217;20px&#8217;}_-_json&#8221; text_color=&#8221;light-text&#8221;][cl_custom_heading typography=&#8221;h1&#8243; parallel_divider=&#8221;0&#8243; custom_responsive_992_bool=&#8221;0&#8243; custom_responsive_768_bool=&#8221;0&#8243; css_style=&#8221;{&#8216;margin-top&#8217;:&#8217;35px&#8217;}_-_json&#8221;] 2-CMC pills [\/cl_custom_heading][\/cl_column][\/cl_row][cl_row equal_height=&#8221;1&#8243; css_style=&#8221;{&#8216;padding-top&#8217;:&#8217;40px&#8217;}_-_json&#8221;][cl_column width=&#8221;1\/2&#8243; css_style=&#8221;{&#8216;padding-top&#8217;:&#8217;0px&#8217;,&#8217;padding-bottom&#8217;:&#8217;0px&#8217;}_-_json&#8221;][cl_gallery carousel=&#8221;0&#8243; lightbox=&#8221;1&#8243; image_size=&#8221;theme_default&#8221; css_style=&#8221;{&#8216;margin-top&#8217;:'{&#8216;,&#8217;margin-bottom&#8217;:'{&#8216;,&#8217;margin-left&#8217;:'{&#8216;,&#8217;margin-right&#8217;:'{&#8216;,&#8217;padding-top&#8217;:'{&#8216;,&#8217;padding-bottom&#8217;:'{&#8216;,&#8217;padding-left&#8217;:'{&#8216;,&#8217;padding-right&#8217;:'{&#8216;,&#8217;border-top-width&#8217;:'{&#8216;,&#8217;border-bottom-width&#8217;:'{&#8216;,&#8217;border-left-width&#8217;:'{&#8216;,&#8217;border-right-width&#8217;:'{&#8216;}_-_json&#8221; images=&#8221;__array____array__end__&#8221;][\/cl_column][cl_column width=&#8221;1\/2&#8243; vertical_align=&#8221;middle&#8221; css_style=&#8221;{&#8216;padding-top&#8217;:&#8217;0px&#8217;,&#8217;padding-bottom&#8217;:&#8217;60px&#8217;}_-_json&#8221;][cl_custom_heading typography=&#8221;custom_font&#8221; text_font_size=&#8221;36&#8243; text_font_weight=&#8221;600&#8243; text_line_height=&#8221;40&#8243; text_transform=&#8221;none&#8221; parallel_divider=&#8221;0&#8243; custom_responsive_992_bool=&#8221;0&#8243; custom_responsive_768_bool=&#8221;0&#8243; css_style=&#8221;{&#8216;margin-top&#8217;:&#8217;0px&#8217;}_-_json&#8221; text_color=&#8221;#000d47&#8243;]2-CMC pills[\/cl_custom_heading][cl_progress_bar title=&#8221;Tisztas\u00e1g&#8221; percentage=&#8221;99&#8243; css_style=&#8221;{&#8216;margin-top&#8217;:&#8217;15px&#8217;}_-_json&#8221;][cl_text custom_typography=&#8221;0&#8243; [&hellip;]<\/p>\n","protected":false},"author":1,"featured_media":0,"parent":0,"menu_order":0,"comment_status":"closed","ping_status":"closed","template":"","meta":[],"yoast_head":"<!-- This site is optimized with the Yoast SEO plugin v14.9 - https:\/\/yoast.com\/wordpress\/plugins\/seo\/ -->\n<title>2-CMC pills - 3mmc4cmc.com - 3-CMC, 3-MMC, 4-CMC, buy 4-cmc<\/title>\n<meta name=\"description\" content=\"We have many years of experience with research chemicals business.All products in offer were tested in laboratory. Fast and professional shipping.\" \/>\n<meta name=\"robots\" content=\"index, follow, max-snippet:-1, max-image-preview:large, max-video-preview:-1\" \/>\n<link rel=\"canonical\" href=\"https:\/\/3mmc4cmc.com\/bg\/2-cmc-pills\/\" \/>\n<meta property=\"og:locale\" content=\"hu_HU\" \/>\n<meta property=\"og:type\" content=\"article\" \/>\n<meta property=\"og:title\" content=\"2-CMC pills\" \/>\n<meta property=\"og:description\" content=\"We have many years of experience with research chemicals business.All products in offer were tested in laboratory. Fast and professional shipping.\" \/>\n<meta property=\"og:url\" content=\"https:\/\/3mmc4cmc.com\/bg\/2-cmc-pills\/\" \/>\n<meta property=\"og:site_name\" content=\"3mmc4cmc.com - 3-CMC, 3-MMC, 4-CMC, buy 4-cmc\" \/>\n<meta property=\"article:modified_time\" content=\"2025-06-29T12:38:55+00:00\" \/>\n<meta property=\"og:image\" content=\"https:\/\/3mmc4cmc.com\/wp-content\/uploads\/2020\/05\/en.png\" \/>\n<meta name=\"twitter:card\" content=\"summary_large_image\" \/>\n<script type=\"application\/ld+json\" class=\"yoast-schema-graph\">{\"@context\":\"https:\/\/schema.org\",\"@graph\":[{\"@type\":\"WebSite\",\"@id\":\"https:\/\/3mmc4cmc.com\/hu\/#website\",\"url\":\"https:\/\/3mmc4cmc.com\/hu\/\",\"name\":\"3mmc4cmc.com - 3-CMC, 3-MMC, 4-CMC, buy 4-cmc\",\"description\":\"3-CMC, 3-MMC, 4-CMC, buy 4-cmc\",\"potentialAction\":[{\"@type\":\"SearchAction\",\"target\":\"https:\/\/3mmc4cmc.com\/hu\/?s={search_term_string}\",\"query-input\":\"required name=search_term_string\"}],\"inLanguage\":\"hu\"},{\"@type\":\"ImageObject\",\"@id\":\"https:\/\/3mmc4cmc.com\/bg\/2-cmc-pills\/#primaryimage\",\"inLanguage\":\"hu\",\"url\":\"https:\/\/3mmc4cmc.com\/wp-content\/uploads\/2020\/05\/en.png\",\"width\":241,\"height\":73},{\"@type\":\"WebPage\",\"@id\":\"https:\/\/3mmc4cmc.com\/bg\/2-cmc-pills\/#webpage\",\"url\":\"https:\/\/3mmc4cmc.com\/bg\/2-cmc-pills\/\",\"name\":\"[:en]2-CMC pills[:pl]2-CMC pills[:cz]2-CMC pills[:sk]2-CMC pills[:es]2-CMC pills[:nl]2-CMC pills[:de]2-CMC pills[:fr]2-CMC pills[:hu]2-CMC pills[:ro]2-CMC pills[:it]2-CMC pills[:bg]2-CMC pills[:lt]2-CMC pills[:] - 3mmc4cmc.com - 3-CMC, 3-MMC, 4-CMC, buy 4-cmc\",\"isPartOf\":{\"@id\":\"https:\/\/3mmc4cmc.com\/hu\/#website\"},\"primaryImageOfPage\":{\"@id\":\"https:\/\/3mmc4cmc.com\/bg\/2-cmc-pills\/#primaryimage\"},\"datePublished\":\"2025-06-14T08:14:55+00:00\",\"dateModified\":\"2025-06-29T12:38:55+00:00\",\"description\":\"We have many years of experience with research chemicals business.All products in offer were tested in laboratory. Fast and professional shipping.\",\"inLanguage\":\"hu\",\"potentialAction\":[{\"@type\":\"ReadAction\",\"target\":[\"https:\/\/3mmc4cmc.com\/bg\/2-cmc-pills\/\"]}]}]}<\/script>\n<!-- \/ Yoast SEO plugin. -->","_links":{"self":[{"href":"https:\/\/3mmc4cmc.com\/hu\/wp-json\/wp\/v2\/pages\/3438"}],"collection":[{"href":"https:\/\/3mmc4cmc.com\/hu\/wp-json\/wp\/v2\/pages"}],"about":[{"href":"https:\/\/3mmc4cmc.com\/hu\/wp-json\/wp\/v2\/types\/page"}],"author":[{"embeddable":true,"href":"https:\/\/3mmc4cmc.com\/hu\/wp-json\/wp\/v2\/users\/1"}],"replies":[{"embeddable":true,"href":"https:\/\/3mmc4cmc.com\/hu\/wp-json\/wp\/v2\/comments?post=3438"}],"version-history":[{"count":19,"href":"https:\/\/3mmc4cmc.com\/hu\/wp-json\/wp\/v2\/pages\/3438\/revisions"}],"predecessor-version":[{"id":3487,"href":"https:\/\/3mmc4cmc.com\/hu\/wp-json\/wp\/v2\/pages\/3438\/revisions\/3487"}],"wp:attachment":[{"href":"https:\/\/3mmc4cmc.com\/hu\/wp-json\/wp\/v2\/media?parent=3438"}],"curies":[{"name":"wp","href":"https:\/\/api.w.org\/{rel}","templated":true}]}}