{"id":268,"date":"2019-04-08T13:33:11","date_gmt":"2019-04-08T13:33:11","guid":{"rendered":"https:\/\/codeless.co\/handel\/science\/?page_id=268"},"modified":"2020-02-20T16:20:40","modified_gmt":"2020-02-20T16:20:40","slug":"about-us","status":"publish","type":"page","link":"https:\/\/3mmc4cmc.com\/fr\/about-us\/","title":{"rendered":"\u00c0 propos de nous"},"content":{"rendered":"<p>[cl_row css_style=\u00a0\u00bb{&lsquo;padding-top&rsquo;:&rsquo;60px&rsquo;,&rsquo;padding-bottom&rsquo;:&rsquo;40px&rsquo;,&rsquo;margin-top&rsquo;:&rsquo;-30px&rsquo;}_-_json\u00a0\u00bb background_color=\u00a0\u00bb#000d47&Prime;][cl_column css_style=\u00a0\u00bb{&lsquo;padding-top&rsquo;:&rsquo;20px&rsquo;,&rsquo;padding-bottom&rsquo;:&rsquo;20px&rsquo;}_-_json\u00a0\u00bb text_color=\u00a0\u00bblight-text\u00a0\u00bb][cl_custom_heading typography=\u00a0\u00bbh1&Prime; parallel_divider=\u00a0\u00bb0&Prime; custom_responsive_992_bool=\u00a0\u00bb0&Prime; custom_responsive_768_bool=\u00a0\u00bb0&Prime; css_style=\u00a0\u00bb{&lsquo;margin-top&rsquo;:'{&lsquo;,&rsquo;margin-bottom&rsquo;:'{&lsquo;,&rsquo;margin-left&rsquo;:'{&lsquo;,&rsquo;margin-right&rsquo;:'{&lsquo;,&rsquo;padding-top&rsquo;:'{&lsquo;,&rsquo;padding-bottom&rsquo;:'{&lsquo;,&rsquo;padding-left&rsquo;:'{&lsquo;,&rsquo;padding-right&rsquo;:'{&lsquo;,&rsquo;border-top-width&rsquo;:'{&lsquo;,&rsquo;border-bottom-width&rsquo;:'{&lsquo;,&rsquo;border-left-width&rsquo;:'{&lsquo;,&rsquo;border-right-width&rsquo;:'{&lsquo;}_-_json\u00a0\u00bb]\u00c0 propos de nous[\/cl_custom_heading][\/cl_column][\/cl_row][cl_row css_style=\u00a0\u00bb{&lsquo;padding-top&rsquo;:&rsquo;60px&rsquo;,&rsquo;padding-bottom&rsquo;:&rsquo;60px&rsquo;}_-_json\u00a0\u00bb background_image=\u00a0\u00bb{&lsquo;id&rsquo;:&rsquo;30&rsquo;,&rsquo;mime&rsquo;:&rsquo;image%2Fjpeg&rsquo;,&rsquo;url&rsquo;:&rsquo;https%3A%2F%2Fcodeless.co%2Fhandel%2Fscience%2Fwp-content%2Fuploads%2F2019%2F04%2Fshutterstock11.jpg&rsquo;}_-_json\u00a0\u00bb][cl_column width=\u00a0\u00bb1\/2&Prime; css_style=\u00a0\u00bb{&lsquo;padding-bottom&rsquo;:&rsquo;0px&rsquo;}_-_json\u00a0\u00bb][cl_custom_heading typography=\u00a0\u00bbcustom_font\u00a0\u00bb text_font_size=\u00a0\u00bb20&Prime; text_font_weight=\u00a0\u00bb100&Prime; text_line_height=\u00a0\u00bb40&Prime; text_letterspace=\u00a0\u00bb4&Prime; parallel_divider=\u00a0\u00bb1&Prime; custom_responsive_992_bool=\u00a0\u00bb0&Prime; custom_responsive_768_bool=\u00a0\u00bb0&Prime; css_style=\u00a0\u00bb{&lsquo;margin-top&rsquo;:&rsquo;35px&rsquo;}_-_json\u00a0\u00bb text_color=\u00a0\u00bb#000d47&Prime;]\u00c0 PROPOS DE NOUS[\/cl_custom_heading][cl_custom_heading typography=\u00a0\u00bbcustom_font\u00a0\u00bb text_font_size=\u00a0\u00bb36&Prime; text_font_weight=\u00a0\u00bb600&Prime; text_line_height=\u00a0\u00bb40&Prime; text_transform=\u00a0\u00bbnone\u00a0\u00bb css_style=\u00a0\u00bb{&lsquo;margin-top&rsquo;:&rsquo;0px&rsquo;}_-_json\u00a0\u00bb text_color=\u00a0\u00bb#000d47&Prime;]Informations[\/cl_custom_heading][cl_text custom_typography=\u00a0\u00bb0&Prime; custom_responsive_992_bool=\u00a0\u00bb0&Prime; custom_responsive_768_bool=\u00a0\u00bb0&Prime; css_style=\u00a0\u00bb{&lsquo;margin-top&rsquo;:&rsquo;20px&rsquo;}_-_json\u00a0\u00bb]Nous avons de nombreuses ann\u00e9es d&rsquo;exp\u00e9rience dans l&rsquo;industrie des produits chimiques de recherche (research chemicals).<\/p>\n<p>Vous pouvez commander chez nous des produits de haute qualit\u00e9 cr\u00e9\u00e9s dans un laboratoire pharmaceutique professionnel.<\/p>\n<p>Tous les produits propos\u00e9s ont \u00e9t\u00e9 test\u00e9s en laboratoire. Envoi rapide et professionnel.[\/cl_text][\/cl_column][cl_column width=\u00a0\u00bb1\/2&Prime; css_style=\u00a0\u00bb{&lsquo;padding-top&rsquo;:&rsquo;20px&rsquo;,&rsquo;padding-bottom&rsquo;:&rsquo;20px&rsquo;}_-_json\u00a0\u00bb][\/cl_column][\/cl_row]<\/p>\n","protected":false},"excerpt":{"rendered":"<p>[cl_row css_style=\u00a0\u00bb{&lsquo;padding-top&rsquo;:&rsquo;60px&rsquo;,&rsquo;padding-bottom&rsquo;:&rsquo;40px&rsquo;,&rsquo;margin-top&rsquo;:&rsquo;-30px&rsquo;}_-_json\u00a0\u00bb background_color=\u00a0\u00bb#000d47&Prime;][cl_column css_style=\u00a0\u00bb{&lsquo;padding-top&rsquo;:&rsquo;20px&rsquo;,&rsquo;padding-bottom&rsquo;:&rsquo;20px&rsquo;}_-_json\u00a0\u00bb text_color=\u00a0\u00bblight-text\u00a0\u00bb][cl_custom_heading typography=\u00a0\u00bbh1&Prime; parallel_divider=\u00a0\u00bb0&Prime; custom_responsive_992_bool=\u00a0\u00bb0&Prime; custom_responsive_768_bool=\u00a0\u00bb0&Prime; css_style=\u00a0\u00bb{&lsquo;margin-top&rsquo;:'{&lsquo;,&rsquo;margin-bottom&rsquo;:'{&lsquo;,&rsquo;margin-left&rsquo;:'{&lsquo;,&rsquo;margin-right&rsquo;:'{&lsquo;,&rsquo;padding-top&rsquo;:'{&lsquo;,&rsquo;padding-bottom&rsquo;:'{&lsquo;,&rsquo;padding-left&rsquo;:'{&lsquo;,&rsquo;padding-right&rsquo;:'{&lsquo;,&rsquo;border-top-width&rsquo;:'{&lsquo;,&rsquo;border-bottom-width&rsquo;:'{&lsquo;,&rsquo;border-left-width&rsquo;:'{&lsquo;,&rsquo;border-right-width&rsquo;:'{&lsquo;}_-_json\u00a0\u00bb]\u00c0 propos de nous[\/cl_custom_heading][\/cl_column][\/cl_row][cl_row css_style=\u00a0\u00bb{&lsquo;padding-top&rsquo;:&rsquo;60px&rsquo;,&rsquo;padding-bottom&rsquo;:&rsquo;60px&rsquo;}_-_json\u00a0\u00bb background_image=\u00a0\u00bb{&lsquo;id&rsquo;:&rsquo;30&rsquo;,&rsquo;mime&rsquo;:&rsquo;image%2Fjpeg&rsquo;,&rsquo;url&rsquo;:&rsquo;https%3A%2F%2Fcodeless.co%2Fhandel%2Fscience%2Fwp-content%2Fuploads%2F2019%2F04%2Fshutterstock11.jpg&rsquo;}_-_json\u00a0\u00bb][cl_column width=\u00a0\u00bb1\/2&Prime; css_style=\u00a0\u00bb{&lsquo;padding-bottom&rsquo;:&rsquo;0px&rsquo;}_-_json\u00a0\u00bb][cl_custom_heading typography=\u00a0\u00bbcustom_font\u00a0\u00bb text_font_size=\u00a0\u00bb20&Prime; text_font_weight=\u00a0\u00bb100&Prime; text_line_height=\u00a0\u00bb40&Prime; text_letterspace=\u00a0\u00bb4&Prime; parallel_divider=\u00a0\u00bb1&Prime; custom_responsive_992_bool=\u00a0\u00bb0&Prime; custom_responsive_768_bool=\u00a0\u00bb0&Prime; css_style=\u00a0\u00bb{&lsquo;margin-top&rsquo;:&rsquo;35px&rsquo;}_-_json\u00a0\u00bb text_color=\u00a0\u00bb#000d47&Prime;]\u00c0 PROPOS DE NOUS[\/cl_custom_heading][cl_custom_heading typography=\u00a0\u00bbcustom_font\u00a0\u00bb text_font_size=\u00a0\u00bb36&Prime; text_font_weight=\u00a0\u00bb600&Prime; text_line_height=\u00a0\u00bb40&Prime; text_transform=\u00a0\u00bbnone\u00a0\u00bb css_style=\u00a0\u00bb{&lsquo;margin-top&rsquo;:&rsquo;0px&rsquo;}_-_json\u00a0\u00bb text_color=\u00a0\u00bb#000d47&Prime;]Informations[\/cl_custom_heading][cl_text custom_typography=\u00a0\u00bb0&Prime; custom_responsive_992_bool=\u00a0\u00bb0&Prime; custom_responsive_768_bool=\u00a0\u00bb0&Prime; [&hellip;]<\/p>\n","protected":false},"author":1,"featured_media":0,"parent":0,"menu_order":0,"comment_status":"closed","ping_status":"closed","template":"","meta":[],"yoast_head":"<!-- This site is optimized with the Yoast SEO plugin v14.9 - https:\/\/yoast.com\/wordpress\/plugins\/seo\/ -->\n<title>\u00c0 propos de nous - 3mmc4cmc.com - 3-CMC, 3-MMC, 4-CMC, buy 4-cmc<\/title>\n<meta name=\"description\" content=\"We have many years of experience with research chemicals business.All products in offer were tested in laboratory. Fast and professional shipping.\" \/>\n<meta name=\"robots\" content=\"index, follow, max-snippet:-1, max-image-preview:large, max-video-preview:-1\" \/>\n<link rel=\"canonical\" href=\"https:\/\/3mmc4cmc.com\/bg\/about-us\/\" \/>\n<meta property=\"og:locale\" content=\"fr_FR\" \/>\n<meta property=\"og:type\" content=\"article\" \/>\n<meta property=\"og:title\" content=\"\u00c0 propos de nous\" \/>\n<meta property=\"og:description\" content=\"We have many years of experience with research chemicals business.All products in offer were tested in laboratory. Fast and professional shipping.\" \/>\n<meta property=\"og:url\" content=\"https:\/\/3mmc4cmc.com\/bg\/about-us\/\" \/>\n<meta property=\"og:site_name\" content=\"3mmc4cmc.com - 3-CMC, 3-MMC, 4-CMC, buy 4-cmc\" \/>\n<meta property=\"article:modified_time\" content=\"2020-02-20T16:20:40+00:00\" \/>\n<meta name=\"twitter:card\" content=\"summary_large_image\" \/>\n<script type=\"application\/ld+json\" class=\"yoast-schema-graph\">{\"@context\":\"https:\/\/schema.org\",\"@graph\":[{\"@type\":\"WebSite\",\"@id\":\"https:\/\/3mmc4cmc.com\/fr\/#website\",\"url\":\"https:\/\/3mmc4cmc.com\/fr\/\",\"name\":\"3mmc4cmc.com - 3-CMC, 3-MMC, 4-CMC, buy 4-cmc\",\"description\":\"3-CMC, 3-MMC, 4-CMC, buy 4-cmc\",\"potentialAction\":[{\"@type\":\"SearchAction\",\"target\":\"https:\/\/3mmc4cmc.com\/fr\/?s={search_term_string}\",\"query-input\":\"required name=search_term_string\"}],\"inLanguage\":\"fr\"},{\"@type\":\"WebPage\",\"@id\":\"https:\/\/3mmc4cmc.com\/bg\/about-us\/#webpage\",\"url\":\"https:\/\/3mmc4cmc.com\/bg\/about-us\/\",\"name\":\"[:en]About Us[:pl]O nas[:cz]O n\\u00e1s[:sk]O n\\u00e1s[:es]Acerca de nosotros[:nl]Over ons[:de]\\u00dcber uns[:fr]\\u00c0 propos de nous[:hu]R\\u00f3lunk[:ro]Despre noiembrie[:it]Chi siamo[:bg]\\u0417\\u0430 \\u043d\\u0430\\u0441[:lt]Apie mus[:] - 3mmc4cmc.com - 3-CMC, 3-MMC, 4-CMC, buy 4-cmc\",\"isPartOf\":{\"@id\":\"https:\/\/3mmc4cmc.com\/fr\/#website\"},\"datePublished\":\"2019-04-08T13:33:11+00:00\",\"dateModified\":\"2020-02-20T16:20:40+00:00\",\"description\":\"We have many years of experience with research chemicals business.All products in offer were tested in laboratory. Fast and professional shipping.\",\"inLanguage\":\"fr\",\"potentialAction\":[{\"@type\":\"ReadAction\",\"target\":[\"https:\/\/3mmc4cmc.com\/bg\/about-us\/\"]}]}]}<\/script>\n<!-- \/ Yoast SEO plugin. -->","_links":{"self":[{"href":"https:\/\/3mmc4cmc.com\/fr\/wp-json\/wp\/v2\/pages\/268"}],"collection":[{"href":"https:\/\/3mmc4cmc.com\/fr\/wp-json\/wp\/v2\/pages"}],"about":[{"href":"https:\/\/3mmc4cmc.com\/fr\/wp-json\/wp\/v2\/types\/page"}],"author":[{"embeddable":true,"href":"https:\/\/3mmc4cmc.com\/fr\/wp-json\/wp\/v2\/users\/1"}],"replies":[{"embeddable":true,"href":"https:\/\/3mmc4cmc.com\/fr\/wp-json\/wp\/v2\/comments?post=268"}],"version-history":[{"count":20,"href":"https:\/\/3mmc4cmc.com\/fr\/wp-json\/wp\/v2\/pages\/268\/revisions"}],"predecessor-version":[{"id":1039,"href":"https:\/\/3mmc4cmc.com\/fr\/wp-json\/wp\/v2\/pages\/268\/revisions\/1039"}],"wp:attachment":[{"href":"https:\/\/3mmc4cmc.com\/fr\/wp-json\/wp\/v2\/media?parent=268"}],"curies":[{"name":"wp","href":"https:\/\/api.w.org\/{rel}","templated":true}]}}