{"id":268,"date":"2019-04-08T13:33:11","date_gmt":"2019-04-08T13:33:11","guid":{"rendered":"https:\/\/codeless.co\/handel\/science\/?page_id=268"},"modified":"2020-02-20T16:20:40","modified_gmt":"2020-02-20T16:20:40","slug":"about-us","status":"publish","type":"page","link":"https:\/\/3mmc4cmc.com\/es\/about-us\/","title":{"rendered":"Acerca de nosotros"},"content":{"rendered":"<p>[cl_row css_style=\u00bb{&#8216;padding-top&#8217;:&#8217;60px&#8217;,&#8217;padding-bottom&#8217;:&#8217;40px&#8217;,&#8217;margin-top&#8217;:&#8217;-30px&#8217;}_-_json\u00bb background_color=\u00bb#000d47&#8243;][cl_column css_style=\u00bb{&#8216;padding-top&#8217;:&#8217;20px&#8217;,&#8217;padding-bottom&#8217;:&#8217;20px&#8217;}_-_json\u00bb text_color=\u00bblight-text\u00bb][cl_custom_heading typography=\u00bbh1&#8243; parallel_divider=\u00bb0&#8243; custom_responsive_992_bool=\u00bb0&#8243; custom_responsive_768_bool=\u00bb0&#8243; css_style=\u00bb{&#8216;margin-top&#8217;:&#8217;35px&#8217;}_-_json\u00bb]Acerca de nosotros[\/cl_custom_heading][\/cl_column][\/cl_row][cl_row css_style=\u00bb{&#8216;padding-top&#8217;:&#8217;60px&#8217;,&#8217;padding-bottom&#8217;:&#8217;60px&#8217;}_-_json\u00bb background_image=\u00bb{&#8216;id&#8217;:&#8217;30&#8217;,&#8217;mime&#8217;:&#8217;image%2Fjpeg&#8217;,&#8217;url&#8217;:&#8217;https%3A%2F%2Fcodeless.co%2Fhandel%2Fscience%2Fwp-content%2Fuploads%2F2019%2F04%2Fshutterstock11.jpg&#8217;}_-_json\u00bb][cl_column width=\u00bb1\/2&#8243; css_style=\u00bb{&#8216;padding-bottom&#8217;:&#8217;0px&#8217;}_-_json\u00bb][cl_custom_heading typography=\u00bbcustom_font\u00bb text_font_size=\u00bb20&#8243; text_font_weight=\u00bb100&#8243; text_line_height=\u00bb40&#8243; text_letterspace=\u00bb4&#8243; parallel_divider=\u00bb1&#8243; custom_responsive_992_bool=\u00bb0&#8243; custom_responsive_768_bool=\u00bb0&#8243; css_style=\u00bb{&#8216;margin-top&#8217;:'{&#8216;,&#8217;margin-bottom&#8217;:'{&#8216;,&#8217;margin-left&#8217;:'{&#8216;,&#8217;margin-right&#8217;:'{&#8216;,&#8217;padding-top&#8217;:'{&#8216;,&#8217;padding-bottom&#8217;:'{&#8216;,&#8217;padding-left&#8217;:'{&#8216;,&#8217;padding-right&#8217;:'{&#8216;,&#8217;border-top-width&#8217;:'{&#8216;,&#8217;border-bottom-width&#8217;:'{&#8216;,&#8217;border-left-width&#8217;:'{&#8216;,&#8217;border-right-width&#8217;:'{&#8216;}_-_json\u00bb text_color=\u00bb#000d47&#8243;]ACERCA DE NOSOTROS[\/cl_custom_heading][cl_custom_heading typography=\u00bbcustom_font\u00bb text_font_size=\u00bb36&#8243; text_font_weight=\u00bb600&#8243; text_line_height=\u00bb40&#8243; text_transform=\u00bbnone\u00bb parallel_divider=\u00bb0&#8243; custom_responsive_992_bool=\u00bb0&#8243; custom_responsive_768_bool=\u00bb0&#8243; css_style=\u00bb{&#8216;margin-top&#8217;:&#8217;0px&#8217;}_-_json\u00bb text_color=\u00bb#000d47&#8243;]Informaci\u00f3n[\/cl_custom_heading][cl_text custom_typography=\u00bb0&#8243; custom_responsive_992_bool=\u00bb0&#8243; custom_responsive_768_bool=\u00bb0&#8243; css_style=\u00bb{&#8216;margin-top&#8217;:&#8217;20px&#8217;}_-_json\u00bb]Tenemos muchos a\u00f1os de experiencia en la industria qu\u00edmica de investigaci\u00f3n (research chemicals).<\/p>\n<p>Puede solicitar productos de alta calidad creados en un laboratorio farmac\u00e9utico profesional con nosotros.<\/p>\n<p>Todos los productos ofrecidos han sido probados en el laboratorio. Env\u00edo r\u00e1pido y profesional.[\/cl_text][\/cl_column][cl_column width=\u00bb1\/2&#8243; css_style=\u00bb{&#8216;padding-top&#8217;:&#8217;20px&#8217;,&#8217;padding-bottom&#8217;:&#8217;20px&#8217;}_-_json\u00bb][\/cl_column][\/cl_row]<\/p>\n","protected":false},"excerpt":{"rendered":"<p>[cl_row css_style=\u00bb{&#8216;padding-top&#8217;:&#8217;60px&#8217;,&#8217;padding-bottom&#8217;:&#8217;40px&#8217;,&#8217;margin-top&#8217;:&#8217;-30px&#8217;}_-_json\u00bb background_color=\u00bb#000d47&#8243;][cl_column css_style=\u00bb{&#8216;padding-top&#8217;:&#8217;20px&#8217;,&#8217;padding-bottom&#8217;:&#8217;20px&#8217;}_-_json\u00bb text_color=\u00bblight-text\u00bb][cl_custom_heading typography=\u00bbh1&#8243; parallel_divider=\u00bb0&#8243; custom_responsive_992_bool=\u00bb0&#8243; custom_responsive_768_bool=\u00bb0&#8243; css_style=\u00bb{&#8216;margin-top&#8217;:&#8217;35px&#8217;}_-_json\u00bb]Acerca de nosotros[\/cl_custom_heading][\/cl_column][\/cl_row][cl_row css_style=\u00bb{&#8216;padding-top&#8217;:&#8217;60px&#8217;,&#8217;padding-bottom&#8217;:&#8217;60px&#8217;}_-_json\u00bb background_image=\u00bb{&#8216;id&#8217;:&#8217;30&#8217;,&#8217;mime&#8217;:&#8217;image%2Fjpeg&#8217;,&#8217;url&#8217;:&#8217;https%3A%2F%2Fcodeless.co%2Fhandel%2Fscience%2Fwp-content%2Fuploads%2F2019%2F04%2Fshutterstock11.jpg&#8217;}_-_json\u00bb][cl_column width=\u00bb1\/2&#8243; css_style=\u00bb{&#8216;padding-bottom&#8217;:&#8217;0px&#8217;}_-_json\u00bb][cl_custom_heading typography=\u00bbcustom_font\u00bb text_font_size=\u00bb20&#8243; text_font_weight=\u00bb100&#8243; text_line_height=\u00bb40&#8243; text_letterspace=\u00bb4&#8243; parallel_divider=\u00bb1&#8243; custom_responsive_992_bool=\u00bb0&#8243; custom_responsive_768_bool=\u00bb0&#8243; css_style=\u00bb{&#8216;margin-top&#8217;:'{&#8216;,&#8217;margin-bottom&#8217;:'{&#8216;,&#8217;margin-left&#8217;:'{&#8216;,&#8217;margin-right&#8217;:'{&#8216;,&#8217;padding-top&#8217;:'{&#8216;,&#8217;padding-bottom&#8217;:'{&#8216;,&#8217;padding-left&#8217;:'{&#8216;,&#8217;padding-right&#8217;:'{&#8216;,&#8217;border-top-width&#8217;:'{&#8216;,&#8217;border-bottom-width&#8217;:'{&#8216;,&#8217;border-left-width&#8217;:'{&#8216;,&#8217;border-right-width&#8217;:'{&#8216;}_-_json\u00bb text_color=\u00bb#000d47&#8243;]ACERCA DE NOSOTROS[\/cl_custom_heading][cl_custom_heading typography=\u00bbcustom_font\u00bb text_font_size=\u00bb36&#8243; text_font_weight=\u00bb600&#8243; text_line_height=\u00bb40&#8243; text_transform=\u00bbnone\u00bb parallel_divider=\u00bb0&#8243; custom_responsive_992_bool=\u00bb0&#8243; custom_responsive_768_bool=\u00bb0&#8243; css_style=\u00bb{&#8216;margin-top&#8217;:&#8217;0px&#8217;}_-_json\u00bb text_color=\u00bb#000d47&#8243;]Informaci\u00f3n[\/cl_custom_heading][cl_text custom_typography=\u00bb0&#8243; custom_responsive_992_bool=\u00bb0&#8243; [&hellip;]<\/p>\n","protected":false},"author":1,"featured_media":0,"parent":0,"menu_order":0,"comment_status":"closed","ping_status":"closed","template":"","meta":[],"yoast_head":"<!-- This site is optimized with the Yoast SEO plugin v14.9 - https:\/\/yoast.com\/wordpress\/plugins\/seo\/ -->\n<title>Acerca de nosotros - 3mmc4cmc.com - 3-CMC, 3-MMC, 4-CMC, buy 4-cmc<\/title>\n<meta name=\"description\" content=\"We have many years of experience with research chemicals business.All products in offer were tested in laboratory. Fast and professional shipping.\" \/>\n<meta name=\"robots\" content=\"index, follow, max-snippet:-1, max-image-preview:large, max-video-preview:-1\" \/>\n<link rel=\"canonical\" href=\"https:\/\/3mmc4cmc.com\/bg\/about-us\/\" \/>\n<meta property=\"og:locale\" content=\"es_ES\" \/>\n<meta property=\"og:type\" content=\"article\" \/>\n<meta property=\"og:title\" content=\"Acerca de nosotros\" \/>\n<meta property=\"og:description\" content=\"We have many years of experience with research chemicals business.All products in offer were tested in laboratory. Fast and professional shipping.\" \/>\n<meta property=\"og:url\" content=\"https:\/\/3mmc4cmc.com\/bg\/about-us\/\" \/>\n<meta property=\"og:site_name\" content=\"3mmc4cmc.com - 3-CMC, 3-MMC, 4-CMC, buy 4-cmc\" \/>\n<meta property=\"article:modified_time\" content=\"2020-02-20T16:20:40+00:00\" \/>\n<meta name=\"twitter:card\" content=\"summary_large_image\" \/>\n<script type=\"application\/ld+json\" class=\"yoast-schema-graph\">{\"@context\":\"https:\/\/schema.org\",\"@graph\":[{\"@type\":\"WebSite\",\"@id\":\"https:\/\/3mmc4cmc.com\/es\/#website\",\"url\":\"https:\/\/3mmc4cmc.com\/es\/\",\"name\":\"3mmc4cmc.com - 3-CMC, 3-MMC, 4-CMC, buy 4-cmc\",\"description\":\"3-CMC, 3-MMC, 4-CMC, buy 4-cmc\",\"potentialAction\":[{\"@type\":\"SearchAction\",\"target\":\"https:\/\/3mmc4cmc.com\/es\/?s={search_term_string}\",\"query-input\":\"required name=search_term_string\"}],\"inLanguage\":\"es\"},{\"@type\":\"WebPage\",\"@id\":\"https:\/\/3mmc4cmc.com\/bg\/about-us\/#webpage\",\"url\":\"https:\/\/3mmc4cmc.com\/bg\/about-us\/\",\"name\":\"[:en]About Us[:pl]O nas[:cz]O n\\u00e1s[:sk]O n\\u00e1s[:es]Acerca de nosotros[:nl]Over ons[:de]\\u00dcber uns[:fr]\\u00c0 propos de nous[:hu]R\\u00f3lunk[:ro]Despre noiembrie[:it]Chi siamo[:bg]\\u0417\\u0430 \\u043d\\u0430\\u0441[:lt]Apie mus[:] - 3mmc4cmc.com - 3-CMC, 3-MMC, 4-CMC, buy 4-cmc\",\"isPartOf\":{\"@id\":\"https:\/\/3mmc4cmc.com\/es\/#website\"},\"datePublished\":\"2019-04-08T13:33:11+00:00\",\"dateModified\":\"2020-02-20T16:20:40+00:00\",\"description\":\"We have many years of experience with research chemicals business.All products in offer were tested in laboratory. Fast and professional shipping.\",\"inLanguage\":\"es\",\"potentialAction\":[{\"@type\":\"ReadAction\",\"target\":[\"https:\/\/3mmc4cmc.com\/bg\/about-us\/\"]}]}]}<\/script>\n<!-- \/ Yoast SEO plugin. -->","_links":{"self":[{"href":"https:\/\/3mmc4cmc.com\/es\/wp-json\/wp\/v2\/pages\/268"}],"collection":[{"href":"https:\/\/3mmc4cmc.com\/es\/wp-json\/wp\/v2\/pages"}],"about":[{"href":"https:\/\/3mmc4cmc.com\/es\/wp-json\/wp\/v2\/types\/page"}],"author":[{"embeddable":true,"href":"https:\/\/3mmc4cmc.com\/es\/wp-json\/wp\/v2\/users\/1"}],"replies":[{"embeddable":true,"href":"https:\/\/3mmc4cmc.com\/es\/wp-json\/wp\/v2\/comments?post=268"}],"version-history":[{"count":20,"href":"https:\/\/3mmc4cmc.com\/es\/wp-json\/wp\/v2\/pages\/268\/revisions"}],"predecessor-version":[{"id":1039,"href":"https:\/\/3mmc4cmc.com\/es\/wp-json\/wp\/v2\/pages\/268\/revisions\/1039"}],"wp:attachment":[{"href":"https:\/\/3mmc4cmc.com\/es\/wp-json\/wp\/v2\/media?parent=268"}],"curies":[{"name":"wp","href":"https:\/\/api.w.org\/{rel}","templated":true}]}}