{"id":1126,"date":"2020-03-04T14:30:45","date_gmt":"2020-03-04T14:30:45","guid":{"rendered":"https:\/\/3mmc4cmc.com\/sk\/?page_id=1126"},"modified":"2024-03-26T15:11:31","modified_gmt":"2024-03-26T15:11:31","slug":"a-pihp","status":"publish","type":"page","link":"https:\/\/3mmc4cmc.com\/es\/a-pihp\/","title":{"rendered":"a-PIHP"},"content":{"rendered":"<p>[cl_row css_style=\u00bb{&#8216;padding-top&#8217;:&#8217;60px&#8217;,&#8217;padding-bottom&#8217;:&#8217;40px&#8217;,&#8217;margin-top&#8217;:&#8217;-30px&#8217;}_-_json\u00bb background_color=\u00bb#000d47&#8243;][cl_column css_style=\u00bb{&#8216;padding-top&#8217;:&#8217;20px&#8217;,&#8217;padding-bottom&#8217;:&#8217;20px&#8217;}_-_json\u00bb text_color=\u00bblight-text\u00bb][cl_custom_heading typography=\u00bbh1&#8243; parallel_divider=\u00bb0&#8243; custom_responsive_992_bool=\u00bb0&#8243; custom_responsive_768_bool=\u00bb0&#8243; css_style=\u00bb{&#8216;margin-top&#8217;:&#8217;35px&#8217;}_-_json\u00bb]<\/p>\n<h1>a-PIHP<\/h1>\n<p>[\/cl_custom_heading][\/cl_column][\/cl_row][cl_row equal_height=\u00bb1&#8243; css_style=\u00bb{&#8216;padding-top&#8217;:&#8217;40px&#8217;}_-_json\u00bb][cl_column width=\u00bb1\/2&#8243; css_style=\u00bb{&#8216;padding-top&#8217;:&#8217;0px&#8217;,&#8217;padding-bottom&#8217;:&#8217;0px&#8217;}_-_json\u00bb][cl_gallery carousel=\u00bb0&#8243; lightbox=\u00bb1&#8243; image_size=\u00bbtheme_default\u00bb css_style=\u00bb{&#8216;margin-top&#8217;:&#8217;35px&#8217;}_-_json\u00bb images=\u00bb__array__1904__array__end__\u00bb][\/cl_column][cl_column width=\u00bb1\/2&#8243; vertical_align=\u00bbmiddle\u00bb css_style=\u00bb{&#8216;padding-top&#8217;:&#8217;0px&#8217;,&#8217;padding-bottom&#8217;:&#8217;60px&#8217;}_-_json\u00bb][cl_custom_heading typography=\u00bbcustom_font\u00bb text_font_size=\u00bb36&#8243; text_font_weight=\u00bb600&#8243; text_line_height=\u00bb40&#8243; text_transform=\u00bbnone\u00bb parallel_divider=\u00bb0&#8243; custom_responsive_992_bool=\u00bb0&#8243; custom_responsive_768_bool=\u00bb0&#8243; css_style=\u00bb{&#8216;margin-top&#8217;:&#8217;0px&#8217;}_-_json\u00bb text_color=\u00bb#000d47&#8243;]<span style=\"margin-top: 30px;\">a-PIHP<\/span>[\/cl_custom_heading][cl_progress_bar title=\u00bbPureza\u00bb percentage=\u00bb99&#8243; css_style=\u00bb{&#8216;margin-top&#8217;:&#8217;15px&#8217;}_-_json\u00bb][cl_text custom_typography=\u00bb0&#8243; custom_responsive_992_bool=\u00bb0&#8243; custom_responsive_768_bool=\u00bb0&#8243; css_style=\u00bb{&#8216;margin-top&#8217;:&#8217;35px&#8217;}_-_json\u00bb]<\/p>\n<ul style=\"list-style-type: none; margin-left: -35px;\">\n<li><span style=\"color: red !important; font-weight: bold; font-size: 25px;\">AGOTADO<\/span><\/li>\n<\/ul>\n<p>[\/cl_text][\/cl_column][\/cl_row][cl_row equal_height=\u00bb1&#8243; css_style=\u00bb{&#8216;padding-top&#8217;:&#8217;25px&#8217;,&#8217;padding-bottom&#8217;:&#8217;25px&#8217;}_-_json\u00bb][cl_column width=\u00bb1\/2&#8243; vertical_align=\u00bbmiddle\u00bb css_style=\u00bb{&#8216;padding-top&#8217;:&#8217;0px&#8217;,&#8217;padding-bottom&#8217;:&#8217;0px&#8217;}_-_json\u00bb][cl_gallery carousel=\u00bb0&#8243; lightbox=\u00bb1&#8243; css_style=\u00bb{&#8216;margin-top&#8217;:&#8217;35px&#8217;}_-_json\u00bb images=\u00bb__array__1133__array__end__\u00bb][\/cl_column][cl_column width=\u00bb1\/2&#8243; css_style=\u00bb{&#8216;padding-top&#8217;:&#8217;0px&#8217;,&#8217;padding-bottom&#8217;:&#8217;0px&#8217;}_-_json\u00bb][cl_list css_style=\u00bb{&#8216;margin-top&#8217;:&#8217;15px&#8217;,&#8217;padding-bottom&#8217;:&#8217;35px&#8217;}_-_json\u00bb][cl_list_item custom_icon=\u00bb1&#8243; icon=\u00bbcl-icon-plus2&#8243;]4-methyl-1-phenyl-2-(pyrrolidin-1-yl)pentan-1-one[\/cl_list_item][cl_list_item custom_icon=\u00bb1&#8243; icon=\u00bbcl-icon-plus2&#8243;]\u03b1-PiHP[\/cl_list_item][\/cl_list][cl_text custom_typography=\u00bb0&#8243; custom_responsive_992_bool=\u00bb0&#8243; custom_responsive_768_bool=\u00bb0&#8243; css_style=\u00bb{&#8216;margin-top&#8217;:'{&#8216;,&#8217;margin-bottom&#8217;:'{&#8216;,&#8217;margin-left&#8217;:'{&#8216;,&#8217;margin-right&#8217;:'{&#8216;,&#8217;padding-top&#8217;:'{&#8216;,&#8217;padding-bottom&#8217;:'{&#8216;,&#8217;padding-left&#8217;:'{&#8216;,&#8217;padding-right&#8217;:'{&#8216;,&#8217;border-top-width&#8217;:'{&#8216;,&#8217;border-bottom-width&#8217;:'{&#8216;,&#8217;border-left-width&#8217;:'{&#8216;,&#8217;border-right-width&#8217;:'{&#8216;}_-_json\u00bb]a-pihp, comprar a-pihp, tienda a-pihp, al por mayor a-pihp[\/cl_text][\/cl_column][\/cl_row]<\/p>\n","protected":false},"excerpt":{"rendered":"<p>[cl_row css_style=\u00bb{&#8216;padding-top&#8217;:&#8217;60px&#8217;,&#8217;padding-bottom&#8217;:&#8217;40px&#8217;,&#8217;margin-top&#8217;:&#8217;-30px&#8217;}_-_json\u00bb background_color=\u00bb#000d47&#8243;][cl_column css_style=\u00bb{&#8216;padding-top&#8217;:&#8217;20px&#8217;,&#8217;padding-bottom&#8217;:&#8217;20px&#8217;}_-_json\u00bb text_color=\u00bblight-text\u00bb][cl_custom_heading typography=\u00bbh1&#8243; parallel_divider=\u00bb0&#8243; custom_responsive_992_bool=\u00bb0&#8243; custom_responsive_768_bool=\u00bb0&#8243; css_style=\u00bb{&#8216;margin-top&#8217;:&#8217;35px&#8217;}_-_json\u00bb] a-PIHP [\/cl_custom_heading][\/cl_column][\/cl_row][cl_row equal_height=\u00bb1&#8243; css_style=\u00bb{&#8216;padding-top&#8217;:&#8217;40px&#8217;}_-_json\u00bb][cl_column width=\u00bb1\/2&#8243; css_style=\u00bb{&#8216;padding-top&#8217;:&#8217;0px&#8217;,&#8217;padding-bottom&#8217;:&#8217;0px&#8217;}_-_json\u00bb][cl_gallery carousel=\u00bb0&#8243; lightbox=\u00bb1&#8243; image_size=\u00bbtheme_default\u00bb css_style=\u00bb{&#8216;margin-top&#8217;:&#8217;35px&#8217;}_-_json\u00bb images=\u00bb__array__1904__array__end__\u00bb][\/cl_column][cl_column width=\u00bb1\/2&#8243; vertical_align=\u00bbmiddle\u00bb css_style=\u00bb{&#8216;padding-top&#8217;:&#8217;0px&#8217;,&#8217;padding-bottom&#8217;:&#8217;60px&#8217;}_-_json\u00bb][cl_custom_heading typography=\u00bbcustom_font\u00bb text_font_size=\u00bb36&#8243; text_font_weight=\u00bb600&#8243; text_line_height=\u00bb40&#8243; text_transform=\u00bbnone\u00bb parallel_divider=\u00bb0&#8243; custom_responsive_992_bool=\u00bb0&#8243; custom_responsive_768_bool=\u00bb0&#8243; css_style=\u00bb{&#8216;margin-top&#8217;:&#8217;0px&#8217;}_-_json\u00bb text_color=\u00bb#000d47&#8243;]a-PIHP[\/cl_custom_heading][cl_progress_bar title=\u00bbPureza\u00bb percentage=\u00bb99&#8243; css_style=\u00bb{&#8216;margin-top&#8217;:&#8217;15px&#8217;}_-_json\u00bb][cl_text custom_typography=\u00bb0&#8243; custom_responsive_992_bool=\u00bb0&#8243; custom_responsive_768_bool=\u00bb0&#8243; [&hellip;]<\/p>\n","protected":false},"author":1,"featured_media":0,"parent":0,"menu_order":0,"comment_status":"closed","ping_status":"closed","template":"","meta":[],"yoast_head":"<!-- This site is optimized with the Yoast SEO plugin v14.9 - https:\/\/yoast.com\/wordpress\/plugins\/seo\/ -->\n<title>a-PIHP, V\u00e1s\u00e1rold meg a-PIHP, \u00fczlet a-PIHP, nagykereskedelem a-PIHP - 3mmc4cmc.com<\/title>\n<meta name=\"description\" content=\"We have many years of experience with research chemicals business.All products in offer were tested in laboratory. Fast and professional shipping.\" \/>\n<meta name=\"robots\" content=\"index, follow, max-snippet:-1, max-image-preview:large, max-video-preview:-1\" \/>\n<link rel=\"canonical\" href=\"https:\/\/3mmc4cmc.com\/hu\/a-pihp\/\" \/>\n<meta property=\"og:locale\" content=\"es_ES\" \/>\n<meta property=\"og:type\" content=\"article\" \/>\n<meta property=\"og:title\" content=\"a-PIHP, V\u00e1s\u00e1rold meg a-PIHP, \u00fczlet a-PIHP, nagykereskedelem a-PIHP - 3mmc4cmc.com\" \/>\n<meta property=\"og:description\" content=\"We have many years of experience with research chemicals business.All products in offer were tested in laboratory. Fast and professional shipping.\" \/>\n<meta property=\"og:url\" content=\"https:\/\/3mmc4cmc.com\/hu\/a-pihp\/\" \/>\n<meta property=\"og:site_name\" content=\"3mmc4cmc.com - 3-CMC, 3-MMC, 4-CMC, buy 4-cmc\" \/>\n<meta property=\"article:modified_time\" content=\"2024-03-26T15:11:31+00:00\" \/>\n<meta name=\"twitter:card\" content=\"summary_large_image\" \/>\n<script type=\"application\/ld+json\" class=\"yoast-schema-graph\">{\"@context\":\"https:\/\/schema.org\",\"@graph\":[{\"@type\":\"WebSite\",\"@id\":\"https:\/\/3mmc4cmc.com\/es\/#website\",\"url\":\"https:\/\/3mmc4cmc.com\/es\/\",\"name\":\"3mmc4cmc.com - 3-CMC, 3-MMC, 4-CMC, buy 4-cmc\",\"description\":\"3-CMC, 3-MMC, 4-CMC, buy 4-cmc\",\"potentialAction\":[{\"@type\":\"SearchAction\",\"target\":\"https:\/\/3mmc4cmc.com\/es\/?s={search_term_string}\",\"query-input\":\"required name=search_term_string\"}],\"inLanguage\":\"es\"},{\"@type\":\"WebPage\",\"@id\":\"https:\/\/3mmc4cmc.com\/hu\/a-pihp\/#webpage\",\"url\":\"https:\/\/3mmc4cmc.com\/hu\/a-pihp\/\",\"name\":\"a-PIHP, V\\u00e1s\\u00e1rold meg a-PIHP, \\u00fczlet a-PIHP, nagykereskedelem a-PIHP - 3mmc4cmc.com\",\"isPartOf\":{\"@id\":\"https:\/\/3mmc4cmc.com\/es\/#website\"},\"datePublished\":\"2020-03-04T14:30:45+00:00\",\"dateModified\":\"2024-03-26T15:11:31+00:00\",\"description\":\"We have many years of experience with research chemicals business.All products in offer were tested in laboratory. Fast and professional shipping.\",\"inLanguage\":\"es\",\"potentialAction\":[{\"@type\":\"ReadAction\",\"target\":[\"https:\/\/3mmc4cmc.com\/hu\/a-pihp\/\"]}]}]}<\/script>\n<!-- \/ Yoast SEO plugin. -->","_links":{"self":[{"href":"https:\/\/3mmc4cmc.com\/es\/wp-json\/wp\/v2\/pages\/1126"}],"collection":[{"href":"https:\/\/3mmc4cmc.com\/es\/wp-json\/wp\/v2\/pages"}],"about":[{"href":"https:\/\/3mmc4cmc.com\/es\/wp-json\/wp\/v2\/types\/page"}],"author":[{"embeddable":true,"href":"https:\/\/3mmc4cmc.com\/es\/wp-json\/wp\/v2\/users\/1"}],"replies":[{"embeddable":true,"href":"https:\/\/3mmc4cmc.com\/es\/wp-json\/wp\/v2\/comments?post=1126"}],"version-history":[{"count":100,"href":"https:\/\/3mmc4cmc.com\/es\/wp-json\/wp\/v2\/pages\/1126\/revisions"}],"predecessor-version":[{"id":3267,"href":"https:\/\/3mmc4cmc.com\/es\/wp-json\/wp\/v2\/pages\/1126\/revisions\/3267"}],"wp:attachment":[{"href":"https:\/\/3mmc4cmc.com\/es\/wp-json\/wp\/v2\/media?parent=1126"}],"curies":[{"name":"wp","href":"https:\/\/api.w.org\/{rel}","templated":true}]}}